{"id":3648,"date":"2025-05-13T13:21:02","date_gmt":"2025-05-13T11:21:02","guid":{"rendered":"https:\/\/www.finanzmanager24.com\/de\/?page_id=3648"},"modified":"2025-05-13T14:10:17","modified_gmt":"2025-05-13T12:10:17","slug":"zahnzusatzversicherung-schuetzen-sie-sich-vor-hohen-zahnarztkosten","status":"publish","type":"page","link":"https:\/\/www.finanzmanager24.com\/de\/zahnzusatzversicherung-schuetzen-sie-sich-vor-hohen-zahnarztkosten\/","title":{"rendered":"Zahnzusatzversicherung: Sch\u00fctzen Sie sich vor hohen Zahnarztkosten"},"content":{"rendered":"<div class=\"wpb-content-wrapper\"><p>[vc_row][vc_column]<div class=\"porto-ibanner interactive-banner-wrap-07dd21040fa50768c9d370ae74e47015\" style=\"\"><img loading=\"lazy\" decoding=\"async\" alt=\"Zahnzusatzversicherung: Sch\u00fctzen Sie sich vor hohen Zahnarztkosten\" width=\"1200\" height=\"500\" class=\"porto-ibanner-img\" src=\"https:\/\/www.finanzmanager24.com\/de\/wp-content\/uploads\/Zahnversicherung.jpg\" srcset=\"https:\/\/www.finanzmanager24.com\/de\/wp-content\/uploads\/Zahnversicherung.jpg 1200w, https:\/\/www.finanzmanager24.com\/de\/wp-content\/uploads\/Zahnversicherung-1024x427.jpg 1024w, https:\/\/www.finanzmanager24.com\/de\/wp-content\/uploads\/Zahnversicherung-768x320.jpg 768w, https:\/\/www.finanzmanager24.com\/de\/wp-content\/uploads\/Zahnversicherung-640x267.jpg 640w, https:\/\/www.finanzmanager24.com\/de\/wp-content\/uploads\/Zahnversicherung-400x167.jpg 400w, https:\/\/www.finanzmanager24.com\/de\/wp-content\/uploads\/Zahnversicherung-367x153.jpg 367w\" sizes=\"auto, (max-width: 1200px) 100vw, 1200px\"><\/div>[vc_column_text]<\/p>\n<p class=\"\" data-start=\"132\" data-end=\"326\"><span class=\"relative -mx-px my-[-0.2rem] rounded px-px py-[0.2rem] transition-colors duration-100 ease-in-out\">Ein strahlendes L\u00e4cheln ist nicht nur ein Zeichen von Gesundheit, sondern auch ein Ausdruck von Lebensfreude.<\/span> <span class=\"relative -mx-px my-[-0.2rem] rounded px-px py-[0.2rem] transition-colors duration-100 ease-in-out\">Doch hochwertige Zahnbehandlungen k\u00f6nnen schnell teuer werden.<\/span> <span class=\"relative -mx-px my-[-0.2rem] rounded px-px py-[0.2rem] transition-colors duration-100 ease-in-out\">Die gesetzliche Krankenversicherung (GKV) deckt oft nur einen Teil der Kosten ab, insbesondere bei Zahnersatz oder \u00e4sthetischen Behandlungen.<\/span> <span class=\"relative -mx-px my-[-0.2rem] rounded px-px py-[0.2rem] transition-colors duration-100 ease-in-out\">Eine Zahnzusatzversicherung kann hier finanziellen Schutz bieten.<\/span><\/p>\n<hr class=\"\" data-start=\"328\" data-end=\"331\" \/>\n<h3 class=\"\" data-start=\"333\" data-end=\"390\"><strong data-start=\"337\" data-end=\"390\">1. Warum eine Zahnzusatzversicherung sinnvoll ist<\/strong><\/h3>\n<p class=\"\" data-start=\"392\" data-end=\"550\"><span class=\"relative -mx-px my-[-0.2rem] rounded px-px py-[0.2rem] transition-colors duration-100 ease-in-out\">Die GKV \u00fcbernimmt in der Regel nur die &#8222;ausreichende, zweckm\u00e4\u00dfige und wirtschaftliche&#8220; Versorgung.<\/span> <span class=\"relative -mx-px my-[-0.2rem] rounded px-px py-[0.2rem] transition-colors duration-100 ease-in-out\">Das bedeutet, dass bei hochwertigen Behandlungen wie Implantaten, Inlays oder Keramikf\u00fcllungen erhebliche Eigenanteile anfallen k\u00f6nnen.<\/span> <span class=\"relative -mx-px my-[-0.2rem] rounded px-px py-[0.2rem] transition-colors duration-100 ease-in-out\">Eine Zahnzusatzversicherung kann diese L\u00fccken schlie\u00dfen und Ihnen den Zugang zu moderner Zahnmedizin erleichtern.<\/span><\/p>\n<hr class=\"\" data-start=\"552\" data-end=\"555\" \/>\n<h3 class=\"\" data-start=\"557\" data-end=\"607\"><strong data-start=\"561\" data-end=\"607\">2. Leistungen einer Zahnzusatzversicherung<\/strong><\/h3>\n<p class=\"\" data-start=\"609\" data-end=\"687\"><span class=\"relative -mx-px my-[-0.2rem] rounded px-px py-[0.2rem] transition-colors duration-100 ease-in-out\">Je nach Tarif k\u00f6nnen folgende Leistungen abgedeckt sein:<\/span><\/p>\n<ul data-start=\"689\" data-end=\"1043\">\n<li class=\"\" data-start=\"689\" data-end=\"746\">\n<p class=\"\" data-start=\"691\" data-end=\"746\"><strong data-start=\"691\" data-end=\"705\">Zahnersatz<\/strong>: <span class=\"relative -mx-px my-[-0.2rem] rounded px-px py-[0.2rem] transition-colors duration-100 ease-in-out\">Kronen, Br\u00fccken, Implantate<\/span><\/p>\n<\/li>\n<li class=\"\" data-start=\"747\" data-end=\"810\">\n<p class=\"\" data-start=\"749\" data-end=\"810\"><strong data-start=\"749\" data-end=\"769\">Zahnbehandlungen<\/strong>: <span class=\"relative -mx-px my-[-0.2rem] rounded px-px py-[0.2rem] transition-colors duration-100 ease-in-out\">Wurzelbehandlungen, Parodontosebehandlungen<\/span><\/p>\n<\/li>\n<li class=\"\" data-start=\"811\" data-end=\"868\">\n<p class=\"\" data-start=\"813\" data-end=\"868\"><strong data-start=\"813\" data-end=\"827\">Prophylaxe<\/strong>: <span class=\"relative -mx-px my-[-0.2rem] rounded px-px py-[0.2rem] transition-colors duration-100 ease-in-out\">Professionelle Zahnreinigung, Fissurenversiegelung<\/span><\/p>\n<\/li>\n<li class=\"\" data-start=\"869\" data-end=\"932\">\n<p class=\"\" data-start=\"871\" data-end=\"932\"><strong data-start=\"871\" data-end=\"891\">Kieferorthop\u00e4die<\/strong>: <span class=\"relative -mx-px my-[-0.2rem] rounded px-px py-[0.2rem] transition-colors duration-100 ease-in-out\">Besonders relevant f\u00fcr Kinder und Jugendliche<\/span><\/p>\n<\/li>\n<li class=\"\" data-start=\"933\" data-end=\"1043\">\n<p class=\"\" data-start=\"935\" data-end=\"1043\"><strong data-start=\"935\" data-end=\"963\">\u00c4sthetische Behandlungen<\/strong>: <span class=\"relative -mx-px my-[-0.2rem] rounded px-px py-[0.2rem] transition-colors duration-100 ease-in-out\">Bleaching, hochwertige F\u00fcllmaterialien<\/span><\/p>\n<\/li>\n<\/ul>\n<hr class=\"\" data-start=\"1045\" data-end=\"1048\" \/>\n<h3 class=\"\" data-start=\"1050\" data-end=\"1080\"><strong data-start=\"1054\" data-end=\"1080\">3. Kosten und Beitr\u00e4ge<\/strong><\/h3>\n<p class=\"\" data-start=\"1082\" data-end=\"1240\"><span class=\"relative -mx-px my-[-0.2rem] rounded px-px py-[0.2rem] transition-colors duration-100 ease-in-out\">Die Beitr\u00e4ge f\u00fcr eine Zahnzusatzversicherung variieren je nach Alter, Gesundheitszustand und Leistungsumfang.<\/span> <span class=\"relative -mx-px my-[-0.2rem] rounded px-px py-[0.2rem] transition-colors duration-100 ease-in-out\">Einige Tarife beginnen bereits ab etwa 5\u202f\u20ac monatlich f\u00fcr junge Versicherte.<\/span> <span class=\"relative -mx-px my-[-0.2rem] rounded px-px py-[0.2rem] transition-colors duration-100 ease-in-out\">F\u00fcr umfassendere Leistungen oder \u00e4ltere Versicherte k\u00f6nnen die Beitr\u00e4ge entsprechend h\u00f6her ausfallen.<\/span><\/p>\n<hr class=\"\" data-start=\"1242\" data-end=\"1245\" \/>\n<h3 class=\"\" data-start=\"1247\" data-end=\"1299\"><strong data-start=\"1251\" data-end=\"1299\">4. Worauf Sie bei der Auswahl achten sollten<\/strong><\/h3>\n<ul data-start=\"1301\" data-end=\"1663\">\n<li class=\"\" data-start=\"1301\" data-end=\"1363\">\n<p class=\"\" data-start=\"1303\" data-end=\"1363\"><strong data-start=\"1303\" data-end=\"1322\">Leistungsumfang<\/strong>: <span class=\"relative -mx-px my-[-0.2rem] rounded px-px py-[0.2rem] transition-colors duration-100 ease-in-out\">Achten Sie darauf, welche Leistungen abgedeckt sind und in welchem Umfang.<\/span><\/p>\n<\/li>\n<li class=\"\" data-start=\"1364\" data-end=\"1422\">\n<p class=\"\" data-start=\"1366\" data-end=\"1422\"><strong data-start=\"1366\" data-end=\"1381\">Wartezeiten<\/strong>: <span class=\"relative -mx-px my-[-0.2rem] rounded px-px py-[0.2rem] transition-colors duration-100 ease-in-out\">Viele Tarife haben Wartezeiten von mehreren Monaten.<\/span><\/p>\n<\/li>\n<li class=\"\" data-start=\"1423\" data-end=\"1488\">\n<p class=\"\" data-start=\"1425\" data-end=\"1488\"><strong data-start=\"1425\" data-end=\"1447\">Erstattungsgrenzen<\/strong>: <span class=\"relative -mx-px my-[-0.2rem] rounded px-px py-[0.2rem] transition-colors duration-100 ease-in-out\">Einige Versicherungen begrenzen die Erstattung in den ersten Jahren.<\/span><\/p>\n<\/li>\n<li class=\"\" data-start=\"1489\" data-end=\"1555\">\n<p class=\"\" data-start=\"1491\" data-end=\"1555\"><strong data-start=\"1491\" data-end=\"1514\">Beitragsentwicklung<\/strong>: <span class=\"relative -mx-px my-[-0.2rem] rounded px-px py-[0.2rem] transition-colors duration-100 ease-in-out\">Informieren Sie sich, ob die Beitr\u00e4ge mit dem Alter steigen.<\/span><\/p>\n<\/li>\n<li class=\"\" data-start=\"1556\" data-end=\"1663\">\n<p class=\"\" data-start=\"1558\" data-end=\"1663\"><strong data-start=\"1558\" data-end=\"1583\">Bewertungen und Tests<\/strong>: <span class=\"relative -mx-px my-[-0.2rem] rounded px-px py-[0.2rem] transition-colors duration-100 ease-in-out\">Nutzen Sie Vergleichsportale und Tests von unabh\u00e4ngigen Instituten.<\/span><\/p>\n<\/li>\n<\/ul>\n<hr class=\"\" data-start=\"1665\" data-end=\"1668\" \/>\n<h3 class=\"\" data-start=\"1670\" data-end=\"1686\"><strong data-start=\"1674\" data-end=\"1686\">5. Fazit<\/strong><\/h3>\n<p class=\"\" data-start=\"1688\" data-end=\"1806\"><span class=\"relative -mx-px my-[-0.2rem] rounded px-px py-[0.2rem] transition-colors duration-100 ease-in-out\">Eine Zahnzusatzversicherung kann eine sinnvolle Erg\u00e4nzung zur gesetzlichen Krankenversicherung sein, insbesondere wenn Sie Wert auf hochwertige Zahnbehandlungen legen.<\/span> <span class=\"relative -mx-px my-[-0.2rem] rounded px-px py-[0.2rem] transition-colors duration-100 ease-in-out\">Durch die richtige Wahl des Tarifs k\u00f6nnen Sie sich vor hohen Eigenanteilen sch\u00fctzen und gleichzeitig Ihre Zahngesundheit langfristig sichern.<\/span><\/p>\n<hr \/>\n<h2 data-start=\"1688\" data-end=\"1806\">Vergleich Zahnzusatzversicherung<\/h2>\n<p><iframe loading=\"lazy\" style=\"width: 100%; padding: 0px; margin: 0px; border-width: 0px;\" src=\"https:\/\/tools.financeads.net\/zahnzusatzrechner.php?tp=dif&amp;wf=37468&amp;ntpl=responsive&amp;h=1\" width=\"650\" height=\"890\" frameborder=\"0\" scrolling=\"no\"><\/iframe><script type=\"text\/javascript\" src=\"\/\/js.financeads.net\/iframeResizeMe.min.js.gz\"><\/script>[\/vc_column_text][\/vc_column][\/vc_row]<\/p>\n<\/div>","protected":false},"excerpt":{"rendered":"<p>[vc_row][vc_column][vc_column_text] Ein strahlendes L\u00e4cheln ist nicht nur ein Zeichen von Gesundheit, sondern auch ein Ausdruck von Lebensfreude. Doch hochwertige Zahnbehandlungen k\u00f6nnen schnell teuer werden. Die gesetzliche Krankenversicherung (GKV) deckt oft nur einen Teil der Kosten ab, insbesondere bei Zahnersatz oder \u00e4sthetischen Behandlungen. Eine Zahnzusatzversicherung kann hier finanziellen Schutz bieten. 1. Warum eine Zahnzusatzversicherung sinnvoll ist [&hellip;]<\/p>\n","protected":false},"author":1,"featured_media":3652,"parent":0,"menu_order":0,"comment_status":"closed","ping_status":"closed","template":"","meta":{"footnotes":""},"class_list":["post-3648","page","type-page","status-publish","has-post-thumbnail","hentry"],"yoast_head":"<!-- This site is optimized with the Yoast SEO Premium plugin v20.7 (Yoast SEO v26.4) - https:\/\/yoast.com\/wordpress\/plugins\/seo\/ -->\n<title>Zahnzusatzversicherung - Schutz vor hohen Zahnarztkosten<\/title>\n<meta name=\"description\" content=\"Sch\u00fctzen Sie sich vor hohen Zahnarztkosten! Erfahren Sie, wie eine Zahnzusatzversicherung Ihre Eigenanteile senkt.\" \/>\n<meta name=\"robots\" content=\"index, follow, max-snippet:-1, max-image-preview:large, max-video-preview:-1\" \/>\n<link rel=\"canonical\" href=\"https:\/\/www.finanzmanager24.com\/de\/zahnzusatzversicherung-schuetzen-sie-sich-vor-hohen-zahnarztkosten\/\" \/>\n<meta property=\"og:locale\" content=\"de_DE\" \/>\n<meta property=\"og:type\" content=\"article\" \/>\n<meta property=\"og:title\" content=\"Zahnzusatzversicherung: Sch\u00fctzen Sie sich vor hohen Zahnarztkosten\" \/>\n<meta property=\"og:description\" content=\"Sch\u00fctzen Sie sich vor hohen Zahnarztkosten! Erfahren Sie, wie eine Zahnzusatzversicherung Ihre Eigenanteile senkt.\" \/>\n<meta property=\"og:url\" content=\"https:\/\/www.finanzmanager24.com\/de\/zahnzusatzversicherung-schuetzen-sie-sich-vor-hohen-zahnarztkosten\/\" \/>\n<meta property=\"og:site_name\" content=\"Vergleich private Krankenversicherung\" \/>\n<meta property=\"article:modified_time\" content=\"2025-05-13T12:10:17+00:00\" \/>\n<meta property=\"og:image\" content=\"https:\/\/www.finanzmanager24.com\/de\/wp-content\/uploads\/Zahnversicherung.jpg\" \/>\n\t<meta property=\"og:image:width\" content=\"1200\" \/>\n\t<meta property=\"og:image:height\" content=\"500\" \/>\n\t<meta property=\"og:image:type\" content=\"image\/jpeg\" \/>\n<meta name=\"twitter:card\" content=\"summary_large_image\" \/>\n<meta name=\"twitter:label1\" content=\"Gesch\u00e4tzte Lesezeit\" \/>\n\t<meta name=\"twitter:data1\" content=\"2\u00a0Minuten\" \/>\n<script type=\"application\/ld+json\" class=\"yoast-schema-graph\">{\"@context\":\"https:\/\/schema.org\",\"@graph\":[{\"@type\":\"WebPage\",\"@id\":\"https:\/\/www.finanzmanager24.com\/de\/zahnzusatzversicherung-schuetzen-sie-sich-vor-hohen-zahnarztkosten\/\",\"url\":\"https:\/\/www.finanzmanager24.com\/de\/zahnzusatzversicherung-schuetzen-sie-sich-vor-hohen-zahnarztkosten\/\",\"name\":\"Zahnzusatzversicherung - Schutz vor hohen Zahnarztkosten\",\"isPartOf\":{\"@id\":\"https:\/\/www.finanzmanager24.com\/de\/#website\"},\"primaryImageOfPage\":{\"@id\":\"https:\/\/www.finanzmanager24.com\/de\/zahnzusatzversicherung-schuetzen-sie-sich-vor-hohen-zahnarztkosten\/#primaryimage\"},\"image\":{\"@id\":\"https:\/\/www.finanzmanager24.com\/de\/zahnzusatzversicherung-schuetzen-sie-sich-vor-hohen-zahnarztkosten\/#primaryimage\"},\"thumbnailUrl\":\"https:\/\/www.finanzmanager24.com\/de\/wp-content\/uploads\/Zahnversicherung.jpg\",\"datePublished\":\"2025-05-13T11:21:02+00:00\",\"dateModified\":\"2025-05-13T12:10:17+00:00\",\"description\":\"Sch\u00fctzen Sie sich vor hohen Zahnarztkosten! Erfahren Sie, wie eine Zahnzusatzversicherung Ihre Eigenanteile senkt.\",\"breadcrumb\":{\"@id\":\"https:\/\/www.finanzmanager24.com\/de\/zahnzusatzversicherung-schuetzen-sie-sich-vor-hohen-zahnarztkosten\/#breadcrumb\"},\"inLanguage\":\"de\",\"potentialAction\":[{\"@type\":\"ReadAction\",\"target\":[\"https:\/\/www.finanzmanager24.com\/de\/zahnzusatzversicherung-schuetzen-sie-sich-vor-hohen-zahnarztkosten\/\"]}]},{\"@type\":\"ImageObject\",\"inLanguage\":\"de\",\"@id\":\"https:\/\/www.finanzmanager24.com\/de\/zahnzusatzversicherung-schuetzen-sie-sich-vor-hohen-zahnarztkosten\/#primaryimage\",\"url\":\"https:\/\/www.finanzmanager24.com\/de\/wp-content\/uploads\/Zahnversicherung.jpg\",\"contentUrl\":\"https:\/\/www.finanzmanager24.com\/de\/wp-content\/uploads\/Zahnversicherung.jpg\",\"width\":1200,\"height\":500,\"caption\":\"Zahnzusatzversicherung: Sch\u00fctzen Sie sich vor hohen Zahnarztkosten\"},{\"@type\":\"BreadcrumbList\",\"@id\":\"https:\/\/www.finanzmanager24.com\/de\/zahnzusatzversicherung-schuetzen-sie-sich-vor-hohen-zahnarztkosten\/#breadcrumb\",\"itemListElement\":[{\"@type\":\"ListItem\",\"position\":1,\"name\":\"Home\",\"item\":\"https:\/\/www.finanzmanager24.com\/de\/\"},{\"@type\":\"ListItem\",\"position\":2,\"name\":\"Zahnzusatzversicherung: Sch\u00fctzen Sie sich vor hohen Zahnarztkosten\"}]},{\"@type\":\"WebSite\",\"@id\":\"https:\/\/www.finanzmanager24.com\/de\/#website\",\"url\":\"https:\/\/www.finanzmanager24.com\/de\/\",\"name\":\"Vergleich private Krankenversicherung\",\"description\":\"\",\"publisher\":{\"@id\":\"https:\/\/www.finanzmanager24.com\/de\/#organization\"},\"potentialAction\":[{\"@type\":\"SearchAction\",\"target\":{\"@type\":\"EntryPoint\",\"urlTemplate\":\"https:\/\/www.finanzmanager24.com\/de\/?s={search_term_string}\"},\"query-input\":{\"@type\":\"PropertyValueSpecification\",\"valueRequired\":true,\"valueName\":\"search_term_string\"}}],\"inLanguage\":\"de\"},{\"@type\":\"Organization\",\"@id\":\"https:\/\/www.finanzmanager24.com\/de\/#organization\",\"name\":\"Finanzmanager24\",\"url\":\"https:\/\/www.finanzmanager24.com\/de\/\",\"logo\":{\"@type\":\"ImageObject\",\"inLanguage\":\"de\",\"@id\":\"https:\/\/www.finanzmanager24.com\/de\/#\/schema\/logo\/image\/\",\"url\":\"http:\/\/www.finanzmanager24.com\/de\/wp-content\/uploads\/2021\/07\/logo1.png\",\"contentUrl\":\"http:\/\/www.finanzmanager24.com\/de\/wp-content\/uploads\/2021\/07\/logo1.png\",\"width\":362,\"height\":53,\"caption\":\"Finanzmanager24\"},\"image\":{\"@id\":\"https:\/\/www.finanzmanager24.com\/de\/#\/schema\/logo\/image\/\"}}]}<\/script>\n<!-- \/ Yoast SEO Premium plugin. -->","yoast_head_json":{"title":"Zahnzusatzversicherung - Schutz vor hohen Zahnarztkosten","description":"Sch\u00fctzen Sie sich vor hohen Zahnarztkosten! Erfahren Sie, wie eine Zahnzusatzversicherung Ihre Eigenanteile senkt.","robots":{"index":"index","follow":"follow","max-snippet":"max-snippet:-1","max-image-preview":"max-image-preview:large","max-video-preview":"max-video-preview:-1"},"canonical":"https:\/\/www.finanzmanager24.com\/de\/zahnzusatzversicherung-schuetzen-sie-sich-vor-hohen-zahnarztkosten\/","og_locale":"de_DE","og_type":"article","og_title":"Zahnzusatzversicherung: Sch\u00fctzen Sie sich vor hohen Zahnarztkosten","og_description":"Sch\u00fctzen Sie sich vor hohen Zahnarztkosten! Erfahren Sie, wie eine Zahnzusatzversicherung Ihre Eigenanteile senkt.","og_url":"https:\/\/www.finanzmanager24.com\/de\/zahnzusatzversicherung-schuetzen-sie-sich-vor-hohen-zahnarztkosten\/","og_site_name":"Vergleich private Krankenversicherung","article_modified_time":"2025-05-13T12:10:17+00:00","og_image":[{"width":1200,"height":500,"url":"https:\/\/www.finanzmanager24.com\/de\/wp-content\/uploads\/Zahnversicherung.jpg","type":"image\/jpeg"}],"twitter_card":"summary_large_image","twitter_misc":{"Gesch\u00e4tzte Lesezeit":"2\u00a0Minuten"},"schema":{"@context":"https:\/\/schema.org","@graph":[{"@type":"WebPage","@id":"https:\/\/www.finanzmanager24.com\/de\/zahnzusatzversicherung-schuetzen-sie-sich-vor-hohen-zahnarztkosten\/","url":"https:\/\/www.finanzmanager24.com\/de\/zahnzusatzversicherung-schuetzen-sie-sich-vor-hohen-zahnarztkosten\/","name":"Zahnzusatzversicherung - Schutz vor hohen Zahnarztkosten","isPartOf":{"@id":"https:\/\/www.finanzmanager24.com\/de\/#website"},"primaryImageOfPage":{"@id":"https:\/\/www.finanzmanager24.com\/de\/zahnzusatzversicherung-schuetzen-sie-sich-vor-hohen-zahnarztkosten\/#primaryimage"},"image":{"@id":"https:\/\/www.finanzmanager24.com\/de\/zahnzusatzversicherung-schuetzen-sie-sich-vor-hohen-zahnarztkosten\/#primaryimage"},"thumbnailUrl":"https:\/\/www.finanzmanager24.com\/de\/wp-content\/uploads\/Zahnversicherung.jpg","datePublished":"2025-05-13T11:21:02+00:00","dateModified":"2025-05-13T12:10:17+00:00","description":"Sch\u00fctzen Sie sich vor hohen Zahnarztkosten! Erfahren Sie, wie eine Zahnzusatzversicherung Ihre Eigenanteile senkt.","breadcrumb":{"@id":"https:\/\/www.finanzmanager24.com\/de\/zahnzusatzversicherung-schuetzen-sie-sich-vor-hohen-zahnarztkosten\/#breadcrumb"},"inLanguage":"de","potentialAction":[{"@type":"ReadAction","target":["https:\/\/www.finanzmanager24.com\/de\/zahnzusatzversicherung-schuetzen-sie-sich-vor-hohen-zahnarztkosten\/"]}]},{"@type":"ImageObject","inLanguage":"de","@id":"https:\/\/www.finanzmanager24.com\/de\/zahnzusatzversicherung-schuetzen-sie-sich-vor-hohen-zahnarztkosten\/#primaryimage","url":"https:\/\/www.finanzmanager24.com\/de\/wp-content\/uploads\/Zahnversicherung.jpg","contentUrl":"https:\/\/www.finanzmanager24.com\/de\/wp-content\/uploads\/Zahnversicherung.jpg","width":1200,"height":500,"caption":"Zahnzusatzversicherung: Sch\u00fctzen Sie sich vor hohen Zahnarztkosten"},{"@type":"BreadcrumbList","@id":"https:\/\/www.finanzmanager24.com\/de\/zahnzusatzversicherung-schuetzen-sie-sich-vor-hohen-zahnarztkosten\/#breadcrumb","itemListElement":[{"@type":"ListItem","position":1,"name":"Home","item":"https:\/\/www.finanzmanager24.com\/de\/"},{"@type":"ListItem","position":2,"name":"Zahnzusatzversicherung: Sch\u00fctzen Sie sich vor hohen Zahnarztkosten"}]},{"@type":"WebSite","@id":"https:\/\/www.finanzmanager24.com\/de\/#website","url":"https:\/\/www.finanzmanager24.com\/de\/","name":"Vergleich private Krankenversicherung","description":"","publisher":{"@id":"https:\/\/www.finanzmanager24.com\/de\/#organization"},"potentialAction":[{"@type":"SearchAction","target":{"@type":"EntryPoint","urlTemplate":"https:\/\/www.finanzmanager24.com\/de\/?s={search_term_string}"},"query-input":{"@type":"PropertyValueSpecification","valueRequired":true,"valueName":"search_term_string"}}],"inLanguage":"de"},{"@type":"Organization","@id":"https:\/\/www.finanzmanager24.com\/de\/#organization","name":"Finanzmanager24","url":"https:\/\/www.finanzmanager24.com\/de\/","logo":{"@type":"ImageObject","inLanguage":"de","@id":"https:\/\/www.finanzmanager24.com\/de\/#\/schema\/logo\/image\/","url":"http:\/\/www.finanzmanager24.com\/de\/wp-content\/uploads\/2021\/07\/logo1.png","contentUrl":"http:\/\/www.finanzmanager24.com\/de\/wp-content\/uploads\/2021\/07\/logo1.png","width":362,"height":53,"caption":"Finanzmanager24"},"image":{"@id":"https:\/\/www.finanzmanager24.com\/de\/#\/schema\/logo\/image\/"}}]}},"_links":{"self":[{"href":"https:\/\/www.finanzmanager24.com\/de\/wp-json\/wp\/v2\/pages\/3648","targetHints":{"allow":["GET"]}}],"collection":[{"href":"https:\/\/www.finanzmanager24.com\/de\/wp-json\/wp\/v2\/pages"}],"about":[{"href":"https:\/\/www.finanzmanager24.com\/de\/wp-json\/wp\/v2\/types\/page"}],"author":[{"embeddable":true,"href":"https:\/\/www.finanzmanager24.com\/de\/wp-json\/wp\/v2\/users\/1"}],"replies":[{"embeddable":true,"href":"https:\/\/www.finanzmanager24.com\/de\/wp-json\/wp\/v2\/comments?post=3648"}],"version-history":[{"count":3,"href":"https:\/\/www.finanzmanager24.com\/de\/wp-json\/wp\/v2\/pages\/3648\/revisions"}],"predecessor-version":[{"id":3662,"href":"https:\/\/www.finanzmanager24.com\/de\/wp-json\/wp\/v2\/pages\/3648\/revisions\/3662"}],"wp:featuredmedia":[{"embeddable":true,"href":"https:\/\/www.finanzmanager24.com\/de\/wp-json\/wp\/v2\/media\/3652"}],"wp:attachment":[{"href":"https:\/\/www.finanzmanager24.com\/de\/wp-json\/wp\/v2\/media?parent=3648"}],"curies":[{"name":"wp","href":"https:\/\/api.w.org\/{rel}","templated":true}]}}