{"id":3616,"date":"2025-05-13T11:26:07","date_gmt":"2025-05-13T09:26:07","guid":{"rendered":"https:\/\/www.finanzmanager24.com\/de\/?page_id=3616"},"modified":"2025-05-13T11:26:07","modified_gmt":"2025-05-13T09:26:07","slug":"pkv-beitraege-senken-oder-zurueck-in-die-gkv-jetzt-kostenlose-beratung-sichern","status":"publish","type":"page","link":"https:\/\/www.finanzmanager24.com\/de\/pkv-beitraege-senken-oder-zurueck-in-die-gkv-jetzt-kostenlose-beratung-sichern\/","title":{"rendered":"PKV-Beitr\u00e4ge senken oder zur\u00fcck in die GKV \u2013 Jetzt kostenlose Beratung sichern!"},"content":{"rendered":"<div class=\"wpb-content-wrapper\"><p>[vc_row wrap_container=&#8220;yes&#8220; el_class=&#8220;mb-4 overflow-hidden&#8220;][vc_column animation_delay=&#8220;300&#8243; offset=&#8220;vc_col-md-10 vc_col-xs-12&#8243; animation_type=&#8220;maskUp&#8220;][vc_column_text css=&#8220;&#8220; el_class=&#8220;featured lead&#8220; css_params=&#8220;&#8220;]<\/p>\n<h2 class=\"\" data-start=\"81\" data-end=\"135\"><strong data-start=\"84\" data-end=\"135\">Sparen Sie jetzt bei Ihrer Krankenversicherung!<\/strong><\/h2>\n<p class=\"\" data-start=\"137\" data-end=\"308\"><span style=\"font-size: 16px;\"><strong data-start=\"137\" data-end=\"191\">Hohe Beitr\u00e4ge in der privaten Krankenversicherung?<\/strong><\/span><br data-start=\"191\" data-end=\"194\"><span style=\"font-size: 16px;\"><span class=\"relative -mx-px my-[-0.2rem] rounded px-px py-[0.2rem] transition-colors duration-100 ease-in-out\">Viele Versicherte zahlen monatlich <strong data-start=\"35\" data-end=\"56\">bis zu 400\u202f\u20ac mehr<\/strong>, als notwendig.<\/span> <span class=\"relative -mx-px my-[-0.2rem] rounded px-px py-[0.2rem] transition-colors duration-100 ease-in-out\">Durch eine gezielte Tarifoptimierung oder einen Wechsel zur\u00fcck in die gesetzliche Krankenversicherung (GKV) k\u00f6nnen Sie erheblich sparen.<\/span><\/span><\/p>\n<p class=\"\" data-start=\"310\" data-end=\"344\"><span style=\"font-size: 16px;\"><strong data-start=\"310\" data-end=\"344\">Ihre Vorteile auf einen Blick:<\/strong><\/span><\/p>\n<ul data-start=\"345\" data-end=\"597\">\n<li class=\"\" data-start=\"345\" data-end=\"419\">\n<p class=\"\" data-start=\"347\" data-end=\"419\"><span style=\"font-size: 16px;\"><strong data-start=\"347\" data-end=\"379\">Durchschnittliche Ersparnis:<\/strong> <span class=\"relative -mx-px my-[-0.2rem] rounded px-px py-[0.2rem] transition-colors duration-100 ease-in-out\">Bis zu <strong data-start=\"7\" data-end=\"15\">50\u202f%<\/strong> Ihrer aktuellen Beitr\u00e4ge<\/span><\/span><\/p>\n<\/li>\n<li class=\"\" data-start=\"420\" data-end=\"489\">\n<p class=\"\" data-start=\"422\" data-end=\"489\"><span style=\"font-size: 16px;\"><strong data-start=\"422\" data-end=\"449\">Rechtssicherer Wechsel:<\/strong> <span class=\"relative -mx-px my-[-0.2rem] rounded px-px py-[0.2rem] transition-colors duration-100 ease-in-out\">Zur\u00fcck in die GKV unter bestimmten Voraussetzungen<\/span><\/span><\/p>\n<\/li>\n<li class=\"\" data-start=\"490\" data-end=\"597\">\n<p class=\"\" data-start=\"492\" data-end=\"597\"><span style=\"font-size: 16px;\"><strong data-start=\"492\" data-end=\"518\">Individuelle Beratung:<\/strong> <span class=\"relative -mx-px my-[-0.2rem] rounded px-px py-[0.2rem] transition-colors duration-100 ease-in-out\">Ma\u00dfgeschneiderte L\u00f6sungen f\u00fcr Ihre Situation<\/span><\/span><\/p>\n<\/li>\n<\/ul>\n<hr class=\"\" data-start=\"599\" data-end=\"602\">\n<h3 data-start=\"604\" data-end=\"646\"><strong data-start=\"607\" data-end=\"646\">Jetzt weitere Informationen anfordern<\/strong><\/h3>\n<p class=\"\" data-start=\"648\" data-end=\"726\"><span style=\"font-size: 16px;\">Bitte f\u00fcllen Sie das folgende Formular aus. Unsere Experten melden sich zeitnah bei Ihnen:<\/span><\/p>\n<p>[\/vc_column_text][\/vc_column][vc_column animation_delay=&#8220;450&#8243; offset=&#8220;vc_col-md-2 vc_col-xs-12&#8243; animation_type=&#8220;fadeIn&#8220;][vc_column_text css=&#8220;&#8220; css_params=&#8220;&#8220;]<strong><span style=\"color: #333333;\">Sie m\u00f6chten die Beitr\u00e4ge Ihrer PKV senken?<\/span><\/strong><\/p>\n<ul>\n<li><span style=\"color: #333333;\">Im Durchschnitt sparen unsere Kunden<\/span><br \/>\n<span style=\"color: #333333;\">40% der monatlichen Pr\u00e4mie, das sind<\/span><br \/>\n<span style=\"color: #333333;\">ca. 200\u20ac.<\/span><\/li>\n<li><span style=\"color: #333333;\">Die Erfolgsquote liegt bei ca. 70-75%<\/span><\/li>\n<\/ul>\n<p>[\/vc_column_text][vc_btn title=&#8220;Beratungstermin&#8220; style=&#8220;modern&#8220; skin=&#8220;primary&#8220; link=&#8220;url:https%3A%2F%2Fwww.finanzmanager24.com%2Fde%2Fberatungstermin-kostenfrei-buchen%2F|title:Beratungstermin&#8220; css_params=&#8220;&#8220;][vc_empty_space][\/vc_column][\/vc_row][vc_row wrap_container=&#8220;yes&#8220; el_class=&#8220;mb-4 overflow-hidden&#8220;][vc_column animation_delay=&#8220;300&#8243; offset=&#8220;vc_col-md-10 vc_col-xs-12&#8243; animation_type=&#8220;maskUp&#8220;][vc_raw_js]JTNDZGl2JTIwaWQlM0QlMjJ6Zl9kaXZfVmRGelU5aTE1ZTlPb3ktejBrY2ZOM3FKbzVBdlVBOTNPOXhHbGhHeTEwRSUyMiUzRSUzQyUyRmRpdiUzRSUzQ3NjcmlwdCUyMHR5cGUlM0QlMjJ0ZXh0JTJGamF2YXNjcmlwdCUyMiUzRSUyOGZ1bmN0aW9uJTI4JTI5JTIwJTdCJTBEJTBBdHJ5JTdCJTBEJTBBdmFyJTIwZiUyMCUzRCUyMGRvY3VtZW50LmNyZWF0ZUVsZW1lbnQlMjglMjJpZnJhbWUlMjIlMjklM0IlMEQlMEFmLnNyYyUyMCUzRCUyMCUyN2h0dHBzJTNBJTJGJTJGZm9ybXMuZmluYW56bWFuYWdlcjI0LmRlJTJGZm0yNCUyRmZvcm0lMkZQS1ZPcHRpbWllcnVuZyUyRmZvcm1wZXJtYSUyRlZkRnpVOWkxNWU5T295LXowa2NmTjNxSm81QXZVQTkzTzl4R2xoR3kxMEUlM0Z6Zl9yc3pmbSUzRDElMjclM0IlMEQlMEFmLnN0eWxlLmJvcmRlciUzRCUyMm5vbmUlMjIlM0IlMEQlMEFmLnN0eWxlLmhlaWdodCUzRCUyMjkzMHB4JTIyJTNCJTBEJTBBZi5zdHlsZS53aWR0aCUzRCUyMjkwJTI1JTIyJTNCJTBEJTBBZi5zdHlsZS50cmFuc2l0aW9uJTNEJTIyYWxsJTIwMC41cyUyMGVhc2UlMjIlM0IlMEQlMEFmLnNldEF0dHJpYnV0ZSUyOCUyMmFyaWEtbGFiZWwlMjIlMkMlMjAlMjdQS1YlNUN4MjBPcHRpbWllcnVuZyUyNyUyOSUzQiUwRCUwQWYuc2V0QXR0cmlidXRlJTI4JTIyYWxsb3clMjIlMkMlMjJnZW9sb2NhdGlvbiUzQiUyMiUyOSUzQiUwRCUwQXZhciUyMGQlMjAlM0QlMjBkb2N1bWVudC5nZXRFbGVtZW50QnlJZCUyOCUyMnpmX2Rpdl9WZEZ6VTlpMTVlOU9veS16MGtjZk4zcUpvNUF2VUE5M085eEdsaEd5MTBFJTIyJTI5JTNCJTBEJTBBZC5hcHBlbmRDaGlsZCUyOGYlMjklM0IlMEQlMEF3aW5kb3cuYWRkRXZlbnRMaXN0ZW5lciUyOCUyN21lc3NhZ2UlMjclMkMlMjBmdW5jdGlvbiUyMCUyOCUyOSU3QiUwRCUwQXZhciUyMGV2bnREYXRhJTIwJTNEJTIwZXZlbnQuZGF0YSUzQiUwRCUwQWlmJTI4JTIwZXZudERhdGElMjAlMjYlMjYlMjBldm50RGF0YS5jb25zdHJ1Y3RvciUyMCUzRCUzRCUyMFN0cmluZyUyMCUyOSU3QiUwRCUwQXZhciUyMHpmX2lmcm1fZGF0YSUyMCUzRCUyMGV2bnREYXRhLnNwbGl0JTI4JTIyJTdDJTIyJTI5JTNCJTBEJTBBaWYlMjAlMjglMjB6Zl9pZnJtX2RhdGEubGVuZ3RoJTIwJTNEJTNEJTIwMiUyMCU3QyU3QyUyMHpmX2lmcm1fZGF0YS5sZW5ndGglMjAlM0QlM0QlMjAzJTIwJTI5JTIwJTdCJTBEJTBBdmFyJTIwemZfcGVybWElMjAlM0QlMjB6Zl9pZnJtX2RhdGElNUIwJTVEJTNCJTBEJTBBdmFyJTIwemZfaWZybV9odF9udyUyMCUzRCUyMCUyOCUyMHBhcnNlSW50JTI4emZfaWZybV9kYXRhJTVCMSU1RCUyQyUyMDEwJTI5JTIwJTJCJTIwMTUlMjAlMjklMjAlMkIlMjAlMjJweCUyMiUzQiUwRCUwQXZhciUyMGlmcmFtZSUyMCUzRCUyMGRvY3VtZW50LmdldEVsZW1lbnRCeUlkJTI4JTIyemZfZGl2X1ZkRnpVOWkxNWU5T295LXowa2NmTjNxSm81QXZVQTkzTzl4R2xoR3kxMEUlMjIlMjkuZ2V0RWxlbWVudHNCeVRhZ05hbWUlMjglMjJpZnJhbWUlMjIlMjklNUIwJTVEJTNCJTBEJTBBaWYlMjAlMjglMjAlMjhpZnJhbWUuc3JjJTI5LmluZGV4T2YlMjglMjdmb3JtcGVybWElMjclMjklMjAlM0UlMjAwJTIwJTI2JTI2JTIwJTI4aWZyYW1lLnNyYyUyOS5pbmRleE9mJTI4emZfcGVybWElMjklMjAlM0UlMjAwJTIwJTI5JTIwJTdCJTBEJTBBdmFyJTIwcHJldklmcmFtZUhlaWdodCUyMCUzRCUyMGlmcmFtZS5zdHlsZS5oZWlnaHQlM0IlMEQlMEF2YXIlMjB6Zl90b3V0JTIwJTNEJTIwZmFsc2UlM0IlMEQlMEFpZiUyOCUyMHpmX2lmcm1fZGF0YS5sZW5ndGglMjAlM0QlM0QlMjAzJTIwJTI5JTIwJTdCJTBEJTBBaWZyYW1lLnNjcm9sbEludG9WaWV3JTI4JTI5JTNCJTBEJTBBemZfdG91dCUyMCUzRCUyMHRydWUlM0IlMEQlMEElN0QlMEQlMEFpZiUyMCUyOCUyMHByZXZJZnJhbWVIZWlnaHQlMjAlMjElM0QlMjB6Zl9pZnJtX2h0X253JTIwJTI5JTIwJTdCJTBEJTBBaWYlMjglMjB6Zl90b3V0JTIwJTI5JTIwJTdCJTBEJTBBc2V0VGltZW91dCUyOGZ1bmN0aW9uJTI4JTI5JTdCJTBEJTBBaWZyYW1lLnN0eWxlLmhlaWdodCUyMCUzRCUyMHpmX2lmcm1faHRfbnclM0IlMEQlMEElN0QlMkM1MDAlMjklM0IlMEQlMEElN0QlMjBlbHNlJTIwJTdCJTBEJTBBaWZyYW1lLnN0eWxlLmhlaWdodCUyMCUzRCUyMHpmX2lmcm1faHRfbnclM0IlMEQlMEElN0QlMEQlMEElN0QlMEQlMEElN0QlMEQlMEElN0QlMEQlMEElN0QlMEQlMEElN0QlMkMlMjBmYWxzZSUyOSUzQiUwRCUwQSU3RGNhdGNoJTI4ZSUyOSU3QiU3RCUwRCUwQSU3RCUyOSUyOCUyOSUzQiUzQyUyRnNjcmlwdCUzRQ==[\/vc_raw_js][\/vc_column][\/vc_row][vc_row wrap_container=&#8220;yes&#8220; css=&#8220;.vc_custom_1747125581529{padding-top: 80px !important;padding-bottom: 50px !important;background-color: #f7f7f7 !important;}&#8220; el_class=&#8220;row-align-items-center&#8220; conditional_render=&#8220;%5B%7B%22value_role%22%3A%22administrator%22%7D%5D&#8220; css_params=&#8220;&#8220;][vc_column width=&#8220;1\/3&#8243; animation_delay=&#8220;&#8220; animation_type=&#8220;fadeInLeft&#8220;]<div class=\"porto-carousel owl-carousel has-ccols ccols-xl-1 ccols-lg-1 ccols-md-1 ccols-sm-1 ccols-1 wpb_custom_137e3b0268c8745a6d85cbab9a109485\" data-plugin-options=\"{&quot;themeConfig&quot;:true,&quot;stagePadding&quot;:0,&quot;margin&quot;:0,&quot;autoplay&quot;:false,&quot;mouseDrag&quot;:true,&quot;touchDrag&quot;:true,&quot;autoplayTimeout&quot;:5000,&quot;autoplayHoverPause&quot;:false,&quot;items&quot;:1,&quot;xl&quot;:1,&quot;lg&quot;:1,&quot;md&quot;:1,&quot;sm&quot;:1,&quot;xs&quot;:1,&quot;nav&quot;:false,&quot;dots&quot;:&quot;yes&quot;,&quot;animateIn&quot;:&quot;&quot;,&quot;animateOut&quot;:&quot;&quot;,&quot;loop&quot;:false,&quot;center&quot;:false,&quot;video&quot;:false,&quot;lazyLoad&quot;:false,&quot;fullscreen&quot;:false}\">[vc_single_image image=&#8220;3621&#8243; img_size=&#8220;full&#8220; css=&#8220;&#8220; css_params=&#8220;&#8220;]<\/div>[\/vc_column][vc_column width=&#8220;2\/3&#8243;][vc_custom_heading text=&#8220;H\u00e4ufig gestellte Fragen (FAQ)&#8220; font_container=&#8220;tag:h2|font_size:21|text_align:left&#8220; use_theme_fonts=&#8220;yes&#8220; css_animation=&#8220;slideInUp&#8220; css_params=&#8220;&#8220;][vc_column_text css_animation=&#8220;fadeInUp&#8220; css=&#8220;&#8220; css_params=&#8220;&#8220;]<\/p>\n<p class=\"\" data-start=\"851\" data-end=\"992\"><span style=\"font-size: 16px;\"><strong data-start=\"851\" data-end=\"911\">1. Wie viel kann ich durch eine Tarifoptimierung sparen?<\/strong><\/span><br data-start=\"911\" data-end=\"914\"><span class=\"relative -mx-px my-[-0.2rem] rounded px-px py-[0.2rem] transition-colors duration-100 ease-in-out\" style=\"font-size: 16px;\">Je nach individuellem Fall sind Einsparungen von bis zu <strong data-start=\"56\" data-end=\"64\">35\u202f%<\/strong> m\u00f6glich.<\/span><\/p>\n<p class=\"\" data-start=\"994\" data-end=\"1134\"><span style=\"font-size: 16px;\"><strong data-start=\"994\" data-end=\"1053\">2. Ist der Wechsel zur\u00fcck in die GKV f\u00fcr jeden m\u00f6glich?<\/strong><\/span><br data-start=\"1053\" data-end=\"1056\"><span class=\"relative -mx-px my-[-0.2rem] rounded px-px py-[0.2rem] transition-colors duration-100 ease-in-out\" style=\"font-size: 16px;\">Ein Wechsel ist unter bestimmten Bedingungen m\u00f6glich, z.\u202fB. bei Unterschreiten der Jahresarbeitsentgeltgrenze oder bei bestimmten Lebenssituationen.<\/span><\/p>\n<p class=\"\" data-start=\"1136\" data-end=\"1286\"><span style=\"font-size: 16px;\"><strong data-start=\"1136\" data-end=\"1205\">3. Muss ich bei einer Tarifoptimierung auf Leistungen verzichten?<\/strong><\/span><br data-start=\"1205\" data-end=\"1208\"><span class=\"relative -mx-px my-[-0.2rem] rounded px-px py-[0.2rem] transition-colors duration-100 ease-in-out\" style=\"font-size: 16px;\">Nicht unbedingt. Ziel ist es, einen Tarif mit vergleichbaren Leistungen zu einem g\u00fcnstigeren Beitrag zu finden.<\/span><\/p>\n<p class=\"\" data-start=\"1288\" data-end=\"1412\"><span style=\"font-size: 16px;\"><strong data-start=\"1288\" data-end=\"1331\">4. Wie lange dauert der Wechselprozess?<\/strong><\/span><br data-start=\"1331\" data-end=\"1334\"><span class=\"relative -mx-px my-[-0.2rem] rounded px-px py-[0.2rem] transition-colors duration-100 ease-in-out\" style=\"font-size: 16px;\">Die Dauer variiert, aber in der Regel ist eine Umsetzung innerhalb weniger Wochen m\u00f6glich.<\/span><\/p>\n<p class=\"\" data-start=\"1414\" data-end=\"1536\"><span style=\"font-size: 16px;\"><strong data-start=\"1414\" data-end=\"1455\">5. Fallen f\u00fcr die Beratung Kosten an?<\/strong><\/span><br data-start=\"1455\" data-end=\"1458\"><span class=\"relative -mx-px my-[-0.2rem] rounded px-px py-[0.2rem] transition-colors duration-100 ease-in-out\" style=\"font-size: 16px;\">Die Erstberatung ist kostenlos.<\/span><\/p>\n<p class=\"\" data-start=\"1538\" data-end=\"1694\"><span style=\"font-size: 16px;\"><strong data-start=\"1538\" data-end=\"1613\">6. Was passiert mit meinen Altersr\u00fcckstellungen bei einem Tarifwechsel?<\/strong><\/span><br data-start=\"1613\" data-end=\"1616\"><span class=\"relative -mx-px my-[-0.2rem] rounded px-px py-[0.2rem] transition-colors duration-100 ease-in-out\" style=\"font-size: 16px;\">Bei einem internen Tarifwechsel innerhalb Ihrer Versicherung bleiben die Altersr\u00fcckstellungen erhalten.<\/span><\/p>\n<p class=\"\" data-start=\"1696\" data-end=\"1862\"><span style=\"font-size: 16px;\"><strong data-start=\"1696\" data-end=\"1781\">7. Kann ich die Beratung auch in Anspruch nehmen, wenn ich \u00fcber 55 Jahre alt bin?<\/strong><\/span><br data-start=\"1781\" data-end=\"1784\"><span class=\"relative -mx-px my-[-0.2rem] rounded px-px py-[0.2rem] transition-colors duration-100 ease-in-out\" style=\"font-size: 16px;\">Ja, wir pr\u00fcfen individuell Ihre M\u00f6glichkeiten, auch in diesem Alter.<\/span><\/p>\n<p class=\"\" data-start=\"1864\" data-end=\"2010\"><span style=\"font-size: 16px;\"><strong data-start=\"1864\" data-end=\"1929\">8. Ist die Beratung unabh\u00e4ngig von bestimmten Versicherungen?<\/strong><\/span><br data-start=\"1929\" data-end=\"1932\"><span class=\"relative -mx-px my-[-0.2rem] rounded px-px py-[0.2rem] transition-colors duration-100 ease-in-out\" style=\"font-size: 16px;\">Ja, wir bieten eine unabh\u00e4ngige Beratung, die auf Ihre Bed\u00fcrfnisse zugeschnitten ist.<\/span><\/p>\n<p class=\"\" data-start=\"2012\" data-end=\"2134\"><span style=\"font-size: 16px;\"><strong data-start=\"2012\" data-end=\"2053\">9. Was ben\u00f6tige ich f\u00fcr die Beratung?<\/strong><\/span><br data-start=\"2053\" data-end=\"2056\"><span class=\"relative -mx-px my-[-0.2rem] rounded px-px py-[0.2rem] transition-colors duration-100 ease-in-out\" style=\"font-size: 16px;\">Ihre aktuellen Versicherungsunterlagen und Angaben zu Ihrem Gesundheitszustand helfen uns, die besten Optionen f\u00fcr Sie zu finden.<\/span><\/p>\n<p class=\"\" data-start=\"2136\" data-end=\"2263\"><span style=\"font-size: 16px;\"><strong data-start=\"2136\" data-end=\"2182\">10. Wie sicher sind meine Daten bei <span style=\"color: #000000;\">Ihnen?<\/span><\/strong><\/span><br data-start=\"2182\" data-end=\"2185\"><span class=\"relative -mx-px my-[-0.2rem] rounded px-px py-[0.2rem] transition-colors duration-100 ease-in-out\" style=\"font-size: 16px;\">Ihre Daten werden vertraulich behandelt und gem\u00e4\u00df den geltenden Datenschutzbestimmungen verarbeitet.<\/span><\/p>\n<p>[\/vc_column_text][\/vc_column][\/vc_row][vc_row wrap_container=&#8220;yes&#8220; is_section=&#8220;yes&#8220; section_skin=&#8220;parallax&#8220; remove_margin_top=&#8220;yes&#8220; remove_margin_bottom=&#8220;yes&#8220; remove_border=&#8220;yes&#8220;][vc_column][vc_row_inner][vc_column_inner width=&#8220;1\/2&#8243;]<div class=\"porto-toggles wpb_content_element  toggle-simple\">[vc_toggle title=&#8220;&#x2b50; Ihre private Krankenversicherung ist zu teuer?&#8220; open=&#8220;true&#8220; css=&#8220;&#8220; css_params=&#8220;&#8220;]<\/p>\n<p class=\"\" data-start=\"236\" data-end=\"316\">Nutzen Sie jetzt unser Expertenwissen und senken Sie Ihre Beitr\u00e4ge nachhaltig!<\/p>\n<p class=\"\" data-start=\"318\" data-end=\"567\"><strong data-start=\"318\" data-end=\"352\">Ihre Vorteile auf einen Blick:<\/strong><br data-start=\"352\" data-end=\"355\">&#x2714; <strong data-start=\"357\" data-end=\"387\">Bis zu 50\u202f% Beitrag sparen<\/strong><br data-start=\"387\" data-end=\"390\">&#x2714; Keine Leistungseinbu\u00dfen bei interner Tarifoptimierung<br data-start=\"445\" data-end=\"448\">&#x2714; Unabh\u00e4ngige, rechtssichere Beratung<br data-start=\"485\" data-end=\"488\">&#x2714; Erhalt Ihrer Altersr\u00fcckstellungen<br data-start=\"523\" data-end=\"526\" data-is-only-node=\"\">&#x2714; Schnelle und unkomplizierte Umsetzung<\/p>\n<p class=\"\" data-start=\"569\" data-end=\"622\">&#x1f449; Starten Sie jetzt mit unserer kostenlosen Analyse!<\/p>\n<p>[\/vc_toggle]<\/div>[\/vc_column_inner][vc_column_inner width=&#8220;1\/2&#8243;][vc_progress_bar values=&#8220;%5B%7B%22label%22%3A%2210%25%20sparen%20im%20Monat%20%22%2C%22value%22%3A%22400%20%22%7D%2C%7B%22label%22%3A%2218%25%20sparen%20im%20Monat%22%2C%22value%22%3A%22300%20%22%7D%2C%7B%22label%22%3A%2242%25%20sparen%20im%20Monat%20%22%2C%22value%22%3A%22200%20%22%7D%2C%7B%22label%22%3A%2277%25%20sparen%20im%20Monat%20%22%2C%22value%22%3A%22100%20%22%7D%5D&#8220; bgcolor=&#8220;custom&#8220; css=&#8220;&#8220; custombgcolor=&#8220;#0088cc&#8220; title=&#8220;Das sparen unsere Kunden:&#8220; css_params=&#8220;&#8220; units=&#8220;\u20ac und mehr&#8220;][\/vc_column_inner][\/vc_row_inner][vc_separator color=&#8220;custom&#8220; style=&#8220;solid&#8220; gap=&#8220;taller&#8220; accent_color=&#8220;rgba(0,0,0,0.06)&#8220;][\/vc_column][\/vc_row]<\/p>\n<\/div>","protected":false},"excerpt":{"rendered":"<p>[vc_row wrap_container=&#8220;yes&#8220; el_class=&#8220;mb-4 overflow-hidden&#8220;][vc_column animation_delay=&#8220;300&#8243; offset=&#8220;vc_col-md-10 vc_col-xs-12&#8243; animation_type=&#8220;maskUp&#8220;][vc_column_text css=&#8220;&#8220; el_class=&#8220;featured lead&#8220; css_params=&#8220;&#8220;] Sparen Sie jetzt bei Ihrer Krankenversicherung! Hohe Beitr\u00e4ge in der privaten Krankenversicherung?Viele Versicherte zahlen monatlich bis zu 400\u202f\u20ac mehr, als notwendig. Durch eine gezielte Tarifoptimierung oder einen Wechsel zur\u00fcck in die gesetzliche Krankenversicherung (GKV) k\u00f6nnen Sie erheblich sparen. Ihre Vorteile auf einen Blick: [&hellip;]<\/p>\n","protected":false},"author":1,"featured_media":0,"parent":0,"menu_order":0,"comment_status":"closed","ping_status":"closed","template":"","meta":{"footnotes":""},"class_list":["post-3616","page","type-page","status-publish","hentry"],"yoast_head":"<!-- This site is optimized with the Yoast SEO Premium plugin v20.7 (Yoast SEO v26.4) - https:\/\/yoast.com\/wordpress\/plugins\/seo\/ -->\n<title>PKV-Beitr\u00e4ge senken &amp; GKV-Wechsel<\/title>\n<meta name=\"description\" content=\"Sparen Sie bis zu 35\u202f% Ihrer PKV-Beitr\u00e4ge oder wechseln Sie zur\u00fcck in die GKV. Wir beraten Sie unabh\u00e4ngig und individuell.\" \/>\n<meta name=\"robots\" content=\"index, follow, max-snippet:-1, max-image-preview:large, max-video-preview:-1\" \/>\n<link rel=\"canonical\" href=\"https:\/\/www.finanzmanager24.com\/de\/pkv-beitraege-senken-oder-zurueck-in-die-gkv-jetzt-kostenlose-beratung-sichern\/\" \/>\n<meta property=\"og:locale\" content=\"de_DE\" \/>\n<meta property=\"og:type\" content=\"article\" \/>\n<meta property=\"og:title\" content=\"PKV-Beitr\u00e4ge senken oder zur\u00fcck in die GKV \u2013 Jetzt kostenlose Beratung sichern!\" \/>\n<meta property=\"og:description\" content=\"Sparen Sie bis zu 35\u202f% Ihrer PKV-Beitr\u00e4ge oder wechseln Sie zur\u00fcck in die GKV. Wir beraten Sie unabh\u00e4ngig und individuell.\" \/>\n<meta property=\"og:url\" content=\"https:\/\/www.finanzmanager24.com\/de\/pkv-beitraege-senken-oder-zurueck-in-die-gkv-jetzt-kostenlose-beratung-sichern\/\" \/>\n<meta property=\"og:site_name\" content=\"Vergleich private Krankenversicherung\" \/>\n<meta name=\"twitter:card\" content=\"summary_large_image\" \/>\n<meta name=\"twitter:label1\" content=\"Gesch\u00e4tzte Lesezeit\" \/>\n\t<meta name=\"twitter:data1\" content=\"3\u00a0Minuten\" \/>\n<script type=\"application\/ld+json\" class=\"yoast-schema-graph\">{\"@context\":\"https:\/\/schema.org\",\"@graph\":[{\"@type\":\"WebPage\",\"@id\":\"https:\/\/www.finanzmanager24.com\/de\/pkv-beitraege-senken-oder-zurueck-in-die-gkv-jetzt-kostenlose-beratung-sichern\/\",\"url\":\"https:\/\/www.finanzmanager24.com\/de\/pkv-beitraege-senken-oder-zurueck-in-die-gkv-jetzt-kostenlose-beratung-sichern\/\",\"name\":\"PKV-Beitr\u00e4ge senken & GKV-Wechsel\",\"isPartOf\":{\"@id\":\"https:\/\/www.finanzmanager24.com\/de\/#website\"},\"datePublished\":\"2025-05-13T09:26:07+00:00\",\"description\":\"Sparen Sie bis zu 35\u202f% Ihrer PKV-Beitr\u00e4ge oder wechseln Sie zur\u00fcck in die GKV. Wir beraten Sie unabh\u00e4ngig und individuell.\",\"breadcrumb\":{\"@id\":\"https:\/\/www.finanzmanager24.com\/de\/pkv-beitraege-senken-oder-zurueck-in-die-gkv-jetzt-kostenlose-beratung-sichern\/#breadcrumb\"},\"inLanguage\":\"de\",\"potentialAction\":[{\"@type\":\"ReadAction\",\"target\":[\"https:\/\/www.finanzmanager24.com\/de\/pkv-beitraege-senken-oder-zurueck-in-die-gkv-jetzt-kostenlose-beratung-sichern\/\"]}]},{\"@type\":\"BreadcrumbList\",\"@id\":\"https:\/\/www.finanzmanager24.com\/de\/pkv-beitraege-senken-oder-zurueck-in-die-gkv-jetzt-kostenlose-beratung-sichern\/#breadcrumb\",\"itemListElement\":[{\"@type\":\"ListItem\",\"position\":1,\"name\":\"Home\",\"item\":\"https:\/\/www.finanzmanager24.com\/de\/\"},{\"@type\":\"ListItem\",\"position\":2,\"name\":\"PKV-Beitr\u00e4ge senken oder zur\u00fcck in die GKV \u2013 Jetzt kostenlose Beratung sichern!\"}]},{\"@type\":\"WebSite\",\"@id\":\"https:\/\/www.finanzmanager24.com\/de\/#website\",\"url\":\"https:\/\/www.finanzmanager24.com\/de\/\",\"name\":\"Vergleich private Krankenversicherung\",\"description\":\"\",\"publisher\":{\"@id\":\"https:\/\/www.finanzmanager24.com\/de\/#organization\"},\"potentialAction\":[{\"@type\":\"SearchAction\",\"target\":{\"@type\":\"EntryPoint\",\"urlTemplate\":\"https:\/\/www.finanzmanager24.com\/de\/?s={search_term_string}\"},\"query-input\":{\"@type\":\"PropertyValueSpecification\",\"valueRequired\":true,\"valueName\":\"search_term_string\"}}],\"inLanguage\":\"de\"},{\"@type\":\"Organization\",\"@id\":\"https:\/\/www.finanzmanager24.com\/de\/#organization\",\"name\":\"Finanzmanager24\",\"url\":\"https:\/\/www.finanzmanager24.com\/de\/\",\"logo\":{\"@type\":\"ImageObject\",\"inLanguage\":\"de\",\"@id\":\"https:\/\/www.finanzmanager24.com\/de\/#\/schema\/logo\/image\/\",\"url\":\"http:\/\/www.finanzmanager24.com\/de\/wp-content\/uploads\/2021\/07\/logo1.png\",\"contentUrl\":\"http:\/\/www.finanzmanager24.com\/de\/wp-content\/uploads\/2021\/07\/logo1.png\",\"width\":362,\"height\":53,\"caption\":\"Finanzmanager24\"},\"image\":{\"@id\":\"https:\/\/www.finanzmanager24.com\/de\/#\/schema\/logo\/image\/\"}}]}<\/script>\n<!-- \/ Yoast SEO Premium plugin. -->","yoast_head_json":{"title":"PKV-Beitr\u00e4ge senken & GKV-Wechsel","description":"Sparen Sie bis zu 35\u202f% Ihrer PKV-Beitr\u00e4ge oder wechseln Sie zur\u00fcck in die GKV. Wir beraten Sie unabh\u00e4ngig und individuell.","robots":{"index":"index","follow":"follow","max-snippet":"max-snippet:-1","max-image-preview":"max-image-preview:large","max-video-preview":"max-video-preview:-1"},"canonical":"https:\/\/www.finanzmanager24.com\/de\/pkv-beitraege-senken-oder-zurueck-in-die-gkv-jetzt-kostenlose-beratung-sichern\/","og_locale":"de_DE","og_type":"article","og_title":"PKV-Beitr\u00e4ge senken oder zur\u00fcck in die GKV \u2013 Jetzt kostenlose Beratung sichern!","og_description":"Sparen Sie bis zu 35\u202f% Ihrer PKV-Beitr\u00e4ge oder wechseln Sie zur\u00fcck in die GKV. Wir beraten Sie unabh\u00e4ngig und individuell.","og_url":"https:\/\/www.finanzmanager24.com\/de\/pkv-beitraege-senken-oder-zurueck-in-die-gkv-jetzt-kostenlose-beratung-sichern\/","og_site_name":"Vergleich private Krankenversicherung","twitter_card":"summary_large_image","twitter_misc":{"Gesch\u00e4tzte Lesezeit":"3\u00a0Minuten"},"schema":{"@context":"https:\/\/schema.org","@graph":[{"@type":"WebPage","@id":"https:\/\/www.finanzmanager24.com\/de\/pkv-beitraege-senken-oder-zurueck-in-die-gkv-jetzt-kostenlose-beratung-sichern\/","url":"https:\/\/www.finanzmanager24.com\/de\/pkv-beitraege-senken-oder-zurueck-in-die-gkv-jetzt-kostenlose-beratung-sichern\/","name":"PKV-Beitr\u00e4ge senken & GKV-Wechsel","isPartOf":{"@id":"https:\/\/www.finanzmanager24.com\/de\/#website"},"datePublished":"2025-05-13T09:26:07+00:00","description":"Sparen Sie bis zu 35\u202f% Ihrer PKV-Beitr\u00e4ge oder wechseln Sie zur\u00fcck in die GKV. Wir beraten Sie unabh\u00e4ngig und individuell.","breadcrumb":{"@id":"https:\/\/www.finanzmanager24.com\/de\/pkv-beitraege-senken-oder-zurueck-in-die-gkv-jetzt-kostenlose-beratung-sichern\/#breadcrumb"},"inLanguage":"de","potentialAction":[{"@type":"ReadAction","target":["https:\/\/www.finanzmanager24.com\/de\/pkv-beitraege-senken-oder-zurueck-in-die-gkv-jetzt-kostenlose-beratung-sichern\/"]}]},{"@type":"BreadcrumbList","@id":"https:\/\/www.finanzmanager24.com\/de\/pkv-beitraege-senken-oder-zurueck-in-die-gkv-jetzt-kostenlose-beratung-sichern\/#breadcrumb","itemListElement":[{"@type":"ListItem","position":1,"name":"Home","item":"https:\/\/www.finanzmanager24.com\/de\/"},{"@type":"ListItem","position":2,"name":"PKV-Beitr\u00e4ge senken oder zur\u00fcck in die GKV \u2013 Jetzt kostenlose Beratung sichern!"}]},{"@type":"WebSite","@id":"https:\/\/www.finanzmanager24.com\/de\/#website","url":"https:\/\/www.finanzmanager24.com\/de\/","name":"Vergleich private Krankenversicherung","description":"","publisher":{"@id":"https:\/\/www.finanzmanager24.com\/de\/#organization"},"potentialAction":[{"@type":"SearchAction","target":{"@type":"EntryPoint","urlTemplate":"https:\/\/www.finanzmanager24.com\/de\/?s={search_term_string}"},"query-input":{"@type":"PropertyValueSpecification","valueRequired":true,"valueName":"search_term_string"}}],"inLanguage":"de"},{"@type":"Organization","@id":"https:\/\/www.finanzmanager24.com\/de\/#organization","name":"Finanzmanager24","url":"https:\/\/www.finanzmanager24.com\/de\/","logo":{"@type":"ImageObject","inLanguage":"de","@id":"https:\/\/www.finanzmanager24.com\/de\/#\/schema\/logo\/image\/","url":"http:\/\/www.finanzmanager24.com\/de\/wp-content\/uploads\/2021\/07\/logo1.png","contentUrl":"http:\/\/www.finanzmanager24.com\/de\/wp-content\/uploads\/2021\/07\/logo1.png","width":362,"height":53,"caption":"Finanzmanager24"},"image":{"@id":"https:\/\/www.finanzmanager24.com\/de\/#\/schema\/logo\/image\/"}}]}},"_links":{"self":[{"href":"https:\/\/www.finanzmanager24.com\/de\/wp-json\/wp\/v2\/pages\/3616","targetHints":{"allow":["GET"]}}],"collection":[{"href":"https:\/\/www.finanzmanager24.com\/de\/wp-json\/wp\/v2\/pages"}],"about":[{"href":"https:\/\/www.finanzmanager24.com\/de\/wp-json\/wp\/v2\/types\/page"}],"author":[{"embeddable":true,"href":"https:\/\/www.finanzmanager24.com\/de\/wp-json\/wp\/v2\/users\/1"}],"replies":[{"embeddable":true,"href":"https:\/\/www.finanzmanager24.com\/de\/wp-json\/wp\/v2\/comments?post=3616"}],"version-history":[{"count":15,"href":"https:\/\/www.finanzmanager24.com\/de\/wp-json\/wp\/v2\/pages\/3616\/revisions"}],"predecessor-version":[{"id":3634,"href":"https:\/\/www.finanzmanager24.com\/de\/wp-json\/wp\/v2\/pages\/3616\/revisions\/3634"}],"wp:attachment":[{"href":"https:\/\/www.finanzmanager24.com\/de\/wp-json\/wp\/v2\/media?parent=3616"}],"curies":[{"name":"wp","href":"https:\/\/api.w.org\/{rel}","templated":true}]}}