{"id":3597,"date":"2025-05-13T10:21:52","date_gmt":"2025-05-13T08:21:52","guid":{"rendered":"https:\/\/www.finanzmanager24.com\/de\/?page_id=3597"},"modified":"2025-05-13T10:21:52","modified_gmt":"2025-05-13T08:21:52","slug":"beratungstermin-kostenfrei-buchen","status":"publish","type":"page","link":"https:\/\/www.finanzmanager24.com\/de\/beratungstermin-kostenfrei-buchen\/","title":{"rendered":"Kostenfrei beraten lassen: PKV optimieren oder wechseln"},"content":{"rendered":"<div class=\"wpb-content-wrapper\"><p>[vc_row wrap_container=&#8220;yes&#8220; conditional_render=&#8220;%5B%7B%22value_role%22%3A%22administrator%22%7D%5D&#8220; css_params=&#8220;&#8220;][vc_column][vc_column_text css=&#8220;.vc_custom_1746701253957{margin-bottom: 0px !important;}&#8220; css_params=&#8220;&#8220;]<\/p>\n<h2 class=\"\" data-start=\"272\" data-end=\"337\">Kostenfreien Beratungstermin zur Krankenversicherung buchen<\/h2>\n<p class=\"\" data-start=\"339\" data-end=\"588\">Sie sind privat krankenversichert und m\u00f6chten Ihre Beitr\u00e4ge senken \u2013 oder pr\u00fcfen, ob ein Wechsel zur\u00fcck in die gesetzliche Krankenversicherung (GKV) m\u00f6glich ist?<br data-start=\"500\" data-end=\"503\">Dann lassen Sie sich jetzt kostenfrei und unverbindlich von unseren Experten beraten.<\/p>\n<p class=\"\" data-start=\"590\" data-end=\"859\"><span style=\"font-size: 20px;\"><strong><span style=\"color: #339966;\">&#x2714;<\/span><\/strong> <\/span>Beitragsoptimierung in der PKV \u2013 ohne Leistungsabstriche<br data-start=\"648\" data-end=\"651\"><span style=\"font-size: 20px;\"><strong><span style=\"color: #339966;\">&#x2714;<\/span> <\/strong><\/span>R\u00fcckkehr in die GKV \u2013 rechtlich sicher und individuell gepr\u00fcft<br data-start=\"715\" data-end=\"718\"><span style=\"font-size: 20px;\"><strong><span style=\"color: #339966;\">&#x2714;<\/span><\/strong> <\/span>Unabh\u00e4ngige Tarifvergleiche mit \u00fcber 40 Anbietern<br data-start=\"769\" data-end=\"772\"><span style=\"font-size: 20px;\"><strong><span style=\"color: #339966;\">&#x2714;<\/span> <\/strong><\/span>Pers\u00f6nliche Beratung \u2013 online oder telefonisch<br data-start=\"820\" data-end=\"823\"><span style=\"font-size: 20px;\"><strong><span style=\"color: #339966;\">&#x2714;<\/span> <\/strong><\/span>100\u202f% kostenfrei und unverbindlich<\/p>\n<p class=\"\" data-start=\"861\" data-end=\"940\">&#x23f1;&#xfe0f; W\u00e4hlen Sie einfach Ihren Wunschtermin aus \u2013 die Buchung dauert nur 1 Minute.<\/p>\n<p>[\/vc_column_text][vc_raw_html css=&#8220;&#8220; css_params=&#8220;&#8220;]JTNDaWZyYW1lJTIwd2lkdGglM0QlMjcxMDAlMjUlMjclMjBoZWlnaHQlM0QlMjc3NTBweCUyNyUyMHNyYyUzRCUyN2h0dHBzJTNBJTJGJTJGYmVyYXR1bmdzdGVybWluLmZpbmFuem1hbmFnZXIyNC5kZSUyRnBvcnRhbC1lbWJlZCUyMyUyRjM4OTM2OTkwMDAwMDYyNjMwMDIlMjclMjBmcmFtZWJvcmRlciUzRCUyNzAlMjclMjBhbGxvd2Z1bGxzY3JlZW4lM0QlMjclMjclMjAlM0UlM0MlMkZpZnJhbWUlM0U=[\/vc_raw_html][\/vc_column][\/vc_row]<\/p>\n<\/div>","protected":false},"excerpt":{"rendered":"<p>[vc_row wrap_container=&#8220;yes&#8220; conditional_render=&#8220;%5B%7B%22value_role%22%3A%22administrator%22%7D%5D&#8220; css_params=&#8220;&#8220;][vc_column][vc_column_text css=&#8220;.vc_custom_1746701253957{margin-bottom: 0px !important;}&#8220; css_params=&#8220;&#8220;] Kostenfreien Beratungstermin zur Krankenversicherung buchen Sie sind privat krankenversichert und m\u00f6chten Ihre Beitr\u00e4ge senken \u2013 oder pr\u00fcfen, ob ein Wechsel zur\u00fcck in die gesetzliche Krankenversicherung (GKV) m\u00f6glich ist?Dann lassen Sie sich jetzt kostenfrei und unverbindlich von unseren Experten beraten. &#x2714; Beitragsoptimierung in der PKV \u2013 ohne Leistungsabstriche&#x2714; [&hellip;]<\/p>\n","protected":false},"author":1,"featured_media":0,"parent":0,"menu_order":0,"comment_status":"closed","ping_status":"closed","template":"","meta":{"footnotes":""},"class_list":["post-3597","page","type-page","status-publish","hentry"],"yoast_head":"<!-- This site is optimized with the Yoast SEO Premium plugin v20.7 (Yoast SEO v26.4) - https:\/\/yoast.com\/wordpress\/plugins\/seo\/ -->\n<title>Kostenfrei beraten lassen: PKV optimieren oder wechseln<\/title>\n<meta name=\"description\" content=\"Kostenfrei Beratung zur privaten Krankenversicherung buchen. Beitr\u00e4ge senken, Tarife vergleichen oder zur\u00fcck in die GKV \u2013 100\u202f% unverbindlich.\" \/>\n<meta name=\"robots\" content=\"index, follow, max-snippet:-1, max-image-preview:large, max-video-preview:-1\" \/>\n<link rel=\"canonical\" href=\"https:\/\/www.finanzmanager24.com\/de\/beratungstermin-kostenfrei-buchen\/\" \/>\n<meta property=\"og:locale\" content=\"de_DE\" \/>\n<meta property=\"og:type\" content=\"article\" \/>\n<meta property=\"og:title\" content=\"Kostenfrei beraten lassen: PKV optimieren oder wechseln\" \/>\n<meta property=\"og:description\" content=\"Kostenfrei Beratung zur privaten Krankenversicherung buchen. Beitr\u00e4ge senken, Tarife vergleichen oder zur\u00fcck in die GKV \u2013 100\u202f% unverbindlich.\" \/>\n<meta property=\"og:url\" content=\"https:\/\/www.finanzmanager24.com\/de\/beratungstermin-kostenfrei-buchen\/\" \/>\n<meta property=\"og:site_name\" content=\"Vergleich private Krankenversicherung\" \/>\n<meta name=\"twitter:card\" content=\"summary_large_image\" \/>\n<meta name=\"twitter:label1\" content=\"Gesch\u00e4tzte Lesezeit\" \/>\n\t<meta name=\"twitter:data1\" content=\"1\u00a0Minute\" \/>\n<script type=\"application\/ld+json\" class=\"yoast-schema-graph\">{\"@context\":\"https:\/\/schema.org\",\"@graph\":[{\"@type\":\"WebPage\",\"@id\":\"https:\/\/www.finanzmanager24.com\/de\/beratungstermin-kostenfrei-buchen\/\",\"url\":\"https:\/\/www.finanzmanager24.com\/de\/beratungstermin-kostenfrei-buchen\/\",\"name\":\"Kostenfrei beraten lassen: PKV optimieren oder wechseln\",\"isPartOf\":{\"@id\":\"https:\/\/www.finanzmanager24.com\/de\/#website\"},\"datePublished\":\"2025-05-13T08:21:52+00:00\",\"description\":\"Kostenfrei Beratung zur privaten Krankenversicherung buchen. Beitr\u00e4ge senken, Tarife vergleichen oder zur\u00fcck in die GKV \u2013 100\u202f% unverbindlich.\",\"breadcrumb\":{\"@id\":\"https:\/\/www.finanzmanager24.com\/de\/beratungstermin-kostenfrei-buchen\/#breadcrumb\"},\"inLanguage\":\"de\",\"potentialAction\":[{\"@type\":\"ReadAction\",\"target\":[\"https:\/\/www.finanzmanager24.com\/de\/beratungstermin-kostenfrei-buchen\/\"]}]},{\"@type\":\"BreadcrumbList\",\"@id\":\"https:\/\/www.finanzmanager24.com\/de\/beratungstermin-kostenfrei-buchen\/#breadcrumb\",\"itemListElement\":[{\"@type\":\"ListItem\",\"position\":1,\"name\":\"Home\",\"item\":\"https:\/\/www.finanzmanager24.com\/de\/\"},{\"@type\":\"ListItem\",\"position\":2,\"name\":\"Kostenfrei beraten lassen: PKV optimieren oder wechseln\"}]},{\"@type\":\"WebSite\",\"@id\":\"https:\/\/www.finanzmanager24.com\/de\/#website\",\"url\":\"https:\/\/www.finanzmanager24.com\/de\/\",\"name\":\"Vergleich private Krankenversicherung\",\"description\":\"\",\"publisher\":{\"@id\":\"https:\/\/www.finanzmanager24.com\/de\/#organization\"},\"potentialAction\":[{\"@type\":\"SearchAction\",\"target\":{\"@type\":\"EntryPoint\",\"urlTemplate\":\"https:\/\/www.finanzmanager24.com\/de\/?s={search_term_string}\"},\"query-input\":{\"@type\":\"PropertyValueSpecification\",\"valueRequired\":true,\"valueName\":\"search_term_string\"}}],\"inLanguage\":\"de\"},{\"@type\":\"Organization\",\"@id\":\"https:\/\/www.finanzmanager24.com\/de\/#organization\",\"name\":\"Finanzmanager24\",\"url\":\"https:\/\/www.finanzmanager24.com\/de\/\",\"logo\":{\"@type\":\"ImageObject\",\"inLanguage\":\"de\",\"@id\":\"https:\/\/www.finanzmanager24.com\/de\/#\/schema\/logo\/image\/\",\"url\":\"http:\/\/www.finanzmanager24.com\/de\/wp-content\/uploads\/2021\/07\/logo1.png\",\"contentUrl\":\"http:\/\/www.finanzmanager24.com\/de\/wp-content\/uploads\/2021\/07\/logo1.png\",\"width\":362,\"height\":53,\"caption\":\"Finanzmanager24\"},\"image\":{\"@id\":\"https:\/\/www.finanzmanager24.com\/de\/#\/schema\/logo\/image\/\"}}]}<\/script>\n<!-- \/ Yoast SEO Premium plugin. -->","yoast_head_json":{"title":"Kostenfrei beraten lassen: PKV optimieren oder wechseln","description":"Kostenfrei Beratung zur privaten Krankenversicherung buchen. Beitr\u00e4ge senken, Tarife vergleichen oder zur\u00fcck in die GKV \u2013 100\u202f% unverbindlich.","robots":{"index":"index","follow":"follow","max-snippet":"max-snippet:-1","max-image-preview":"max-image-preview:large","max-video-preview":"max-video-preview:-1"},"canonical":"https:\/\/www.finanzmanager24.com\/de\/beratungstermin-kostenfrei-buchen\/","og_locale":"de_DE","og_type":"article","og_title":"Kostenfrei beraten lassen: PKV optimieren oder wechseln","og_description":"Kostenfrei Beratung zur privaten Krankenversicherung buchen. Beitr\u00e4ge senken, Tarife vergleichen oder zur\u00fcck in die GKV \u2013 100\u202f% unverbindlich.","og_url":"https:\/\/www.finanzmanager24.com\/de\/beratungstermin-kostenfrei-buchen\/","og_site_name":"Vergleich private Krankenversicherung","twitter_card":"summary_large_image","twitter_misc":{"Gesch\u00e4tzte Lesezeit":"1\u00a0Minute"},"schema":{"@context":"https:\/\/schema.org","@graph":[{"@type":"WebPage","@id":"https:\/\/www.finanzmanager24.com\/de\/beratungstermin-kostenfrei-buchen\/","url":"https:\/\/www.finanzmanager24.com\/de\/beratungstermin-kostenfrei-buchen\/","name":"Kostenfrei beraten lassen: PKV optimieren oder wechseln","isPartOf":{"@id":"https:\/\/www.finanzmanager24.com\/de\/#website"},"datePublished":"2025-05-13T08:21:52+00:00","description":"Kostenfrei Beratung zur privaten Krankenversicherung buchen. Beitr\u00e4ge senken, Tarife vergleichen oder zur\u00fcck in die GKV \u2013 100\u202f% unverbindlich.","breadcrumb":{"@id":"https:\/\/www.finanzmanager24.com\/de\/beratungstermin-kostenfrei-buchen\/#breadcrumb"},"inLanguage":"de","potentialAction":[{"@type":"ReadAction","target":["https:\/\/www.finanzmanager24.com\/de\/beratungstermin-kostenfrei-buchen\/"]}]},{"@type":"BreadcrumbList","@id":"https:\/\/www.finanzmanager24.com\/de\/beratungstermin-kostenfrei-buchen\/#breadcrumb","itemListElement":[{"@type":"ListItem","position":1,"name":"Home","item":"https:\/\/www.finanzmanager24.com\/de\/"},{"@type":"ListItem","position":2,"name":"Kostenfrei beraten lassen: PKV optimieren oder wechseln"}]},{"@type":"WebSite","@id":"https:\/\/www.finanzmanager24.com\/de\/#website","url":"https:\/\/www.finanzmanager24.com\/de\/","name":"Vergleich private Krankenversicherung","description":"","publisher":{"@id":"https:\/\/www.finanzmanager24.com\/de\/#organization"},"potentialAction":[{"@type":"SearchAction","target":{"@type":"EntryPoint","urlTemplate":"https:\/\/www.finanzmanager24.com\/de\/?s={search_term_string}"},"query-input":{"@type":"PropertyValueSpecification","valueRequired":true,"valueName":"search_term_string"}}],"inLanguage":"de"},{"@type":"Organization","@id":"https:\/\/www.finanzmanager24.com\/de\/#organization","name":"Finanzmanager24","url":"https:\/\/www.finanzmanager24.com\/de\/","logo":{"@type":"ImageObject","inLanguage":"de","@id":"https:\/\/www.finanzmanager24.com\/de\/#\/schema\/logo\/image\/","url":"http:\/\/www.finanzmanager24.com\/de\/wp-content\/uploads\/2021\/07\/logo1.png","contentUrl":"http:\/\/www.finanzmanager24.com\/de\/wp-content\/uploads\/2021\/07\/logo1.png","width":362,"height":53,"caption":"Finanzmanager24"},"image":{"@id":"https:\/\/www.finanzmanager24.com\/de\/#\/schema\/logo\/image\/"}}]}},"_links":{"self":[{"href":"https:\/\/www.finanzmanager24.com\/de\/wp-json\/wp\/v2\/pages\/3597","targetHints":{"allow":["GET"]}}],"collection":[{"href":"https:\/\/www.finanzmanager24.com\/de\/wp-json\/wp\/v2\/pages"}],"about":[{"href":"https:\/\/www.finanzmanager24.com\/de\/wp-json\/wp\/v2\/types\/page"}],"author":[{"embeddable":true,"href":"https:\/\/www.finanzmanager24.com\/de\/wp-json\/wp\/v2\/users\/1"}],"replies":[{"embeddable":true,"href":"https:\/\/www.finanzmanager24.com\/de\/wp-json\/wp\/v2\/comments?post=3597"}],"version-history":[{"count":10,"href":"https:\/\/www.finanzmanager24.com\/de\/wp-json\/wp\/v2\/pages\/3597\/revisions"}],"predecessor-version":[{"id":3609,"href":"https:\/\/www.finanzmanager24.com\/de\/wp-json\/wp\/v2\/pages\/3597\/revisions\/3609"}],"wp:attachment":[{"href":"https:\/\/www.finanzmanager24.com\/de\/wp-json\/wp\/v2\/media?parent=3597"}],"curies":[{"name":"wp","href":"https:\/\/api.w.org\/{rel}","templated":true}]}}