{"id":274,"date":"2012-10-10T13:56:11","date_gmt":"2012-10-10T13:56:11","guid":{"rendered":"http:\/\/www.finanzmanager24.com\/de\/?page_id=274"},"modified":"2025-05-07T19:28:39","modified_gmt":"2025-05-07T17:28:39","slug":"vergleich-private-krankenversicherung","status":"publish","type":"page","link":"https:\/\/www.finanzmanager24.com\/de\/vergleich-private-krankenversicherung\/","title":{"rendered":"Vergleich Private Krankenversicherung"},"content":{"rendered":"<h2>Vergleich Private Krankenversicherung<\/h2>\n<p>Jeder Mensch hat andere Bed\u00fcrfnisse und Vorstellungen. Als Spezialist f\u00fcr private Krankenversicherung und Krankenzusatzversicherung liegt es uns am Herzen, unsere Kunden zufrieden zu sehen.\u00a0Deshalb bieten wir Produkte von ca 40 Anbietern mit ca. 3500 Tarifen an. \u00a0So ist sicher f\u00fcr jedes\u00a0Bed\u00fcrfnis etwas Passendes dabei.<\/p>\n<p>Die beiden Versicherungssysteme GKV und PKV unterscheiden sich\u00a0in vielen Bereichen grunds\u00e4tzlich voneinander.\u00a0Besonders gesetzlich Versicherte haben es in den letzten Jahren immer wieder zu sp\u00fcren bekommen.\u00a0Die GKV hat ein Geldproblem. Das bedeutet f\u00fcr die Versicherten, h\u00f6here Beitr\u00e4ge, h\u00f6here Zuzahlungen, weniger Leistung. Die PKV finanziert sich nach einem ganz anderen System. Und kann daher\u00a0ihren Versicherten mehr bieten.<\/p>\n<p>Die Beitr\u00e4ge werden so kalkuliert, dass die\u00a0entstehenden Versicherungsleistungen und die\u00a0eingehenden Versicherungsbeitr\u00e4ge in einem\u00a0Gleichgewicht sind \u2013 und zwar \u00fcber die gesamte\u00a0Vertragslaufzeit gesehen.<\/p>\n<h2>Die Beitr\u00e4ge der privaten Krankenversicherung richten sich nach<\/h2>\n<ul>\n<li>den im Versicherungsvertrag vereinbarten\u00a0Leistungen,<\/li>\n<li>dem Eintrittsalter,\u00a0Geschlecht der versicherten Person<\/li>\n<li>dem Gesundheitszustand zu Beginn der Versicherung<\/li>\n<\/ul>\n<div>Dar\u00fcber hinaus werden die Beitr\u00e4ge nach dem\u00a0sogenannten Anwartschaftsdeckungsverfahren\u00a0kalkuliert. Dies bedeutet: Die Pr\u00e4mien, welche\u00a0die Versicherten in den ersten Jahren zahlen,\u00a0sind h\u00f6her als der tats\u00e4chliche Leistungsbedarf.\u00a0Die Beitragseinnahmen werden demnach an\u00ad\u00a0f\u00e4nglich nur zum Teil als Leistungen ausgegeben.\u00a0Ein wesentlicher Beitragsanteil wird verwandt,\u00a0um Alterungsr\u00fcckstellungen zu bilden.Die Bildung von Alterungsr\u00fcckstellungen ist\u00a0sinnvoll, weil das Krankheitsrisiko und somit\u00a0die Versicherungsleistungen im Alter steigen.<\/p>\n<h3>Beispiel Altersr\u00fcckstellung in der PKV:<\/h3>\n<p>80\u00adj\u00e4hrige beanspruchen etwa 15\u00admal\u00a0so hohe Versicherungsleistungen f\u00fcr Arznei\u00admittel wie 30\u00adj\u00e4hrige. Auch die beanspruchten\u00a0Krankenhausleistungen steigen vom 30. bis zum\u00a080. Lebensjahr um das Zehn\u00ad bis Zw\u00f6lffache.\u00a0Die Alterungsr\u00fcckstellungen sorgen daf\u00fcr, dass\u00a0der hochwertige private Krankenversiche\u00adrungsschutz auch im Alter bezahlbar bleibt. Sie\u00a0stellen sicher, dass die Pr\u00e4mien, welche die\u00a0Versicherten im Alter zahlen m\u00fcssen, wesent\u00adlich niedriger sind als die Leistungen, die sie\u00a0erhalten<\/p>\n<\/div>\n<h2>Leistungsgarantie der PKV<\/h2>\n<p>Die PKV ist eine Individualversicherung. Das\u00a0bedeutet: Der Versicherungsnehmer kann aus\u00a0einem reichhaltigen Tarifangebot w\u00e4hlen \u2013 und\u00a0so Gegenstand und Umfang der Leistungen\u00a0selbst bestimmen. Mit dem Abschluss wird die\u00a0Versicherung dann vertraglich vereinbart. Es\u00a0gilt die dauernde Erf\u00fcllung des vertraglich ver\u00adeinbarten Versicherungsschutzes.\u00a0Das hei\u00dft: Zugesagte Leistungen k\u00f6nnen nicht\u00a0von einer Seite ge\u00e4ndert werden. Dieser Grund\u00adsatz ist in der PKV ein zentrales, gesetzlich\u00a0verankertes Prinzip. Er begr\u00fcndet die Leis\u00adtungsgarantie der PKV und hebt die PKV von\u00a0der GKV ab.<\/p>\n<h2>Kostenerstattungsprinzip der PKV<\/h2>\n<p>Im Gegensatz zum Sachleistungsverfahren der\u00a0GKV funktioniert das Kostenerstattungsverfah\u00adren der PKV wie folgt: Der Versicherte hat als\u00a0Patient einen Behandlungsvertrag mit dem Arzt\u00a0sowie einen Versicherungsvertrag mit dem Ver\u00adsicherer. Der Arzt fordert daher die Kosten f\u00fcr\u00a0seine erbrachten Leistungen beim Versicherten\u00a0ein (sogenannter Verg\u00fctungsanspruch gegen\u00fc\u00adber dem Versicherten).<\/p>\n<p>Der Versicherte wiederum fordert diese Kosten\u00a0beim Versicherer ein (sogenannter Anspruch auf\u00a0Kostenerstattung gegen\u00fcber dem Versicherer).\u00a0Die Leistung des Versicherungsunternehmens\u00a0besteht darin, dem Versicherten die Kosten f\u00fcr\u00a0\u00e4rztliche Leistungen im vertraglich vereinbar\u00adten Umfang zu erstatten.<\/p>\n<p>Sie m\u00f6chten gerne von einer anderen PKV oder GKV zur privaten Krankenversicherung\u00a0wechseln?\u00a0Doch Sie sind nicht sicher, wann der n\u00e4chste K\u00fcndigungstermin ist?<\/p>\n<h3>Lassen Sie einfach kostenlos von unseren Experten beraten<\/h3>\n<p><a href=\"https:\/\/www.finanzmanager24.de\/versicherungen\/krankenversicherung.php\" target=\"_blank\" rel=\"noopener\">Vergleich private Krankenversicherung &amp; Krankenzusatzversicherung<\/a><\/p>\n<hr \/>\n<p><strong>Andere Beitr\u00e4ge zum Thema Krankenversicherung<\/strong><\/p>\n<p><a class=\"yoast-link-suggestion__value\" href=\"http:\/\/www.finanzmanager24.com\/de\/pkv\/private-Krankenversicherung\/zeigen-sie-ihrem-konto-die-zahne-private-zahnzusatzversicherungen\/\" rel=\"noopener\">Zeigen Sie Ihrem Konto die Z\u00e4hne \u2013 Private Zahnzusatzversicherungen<\/a><br \/>\n<a class=\"yoast-link-suggestion__value\" href=\"http:\/\/www.finanzmanager24.com\/de\/pkv\/private-Krankenversicherung\/krankenversicherung-fur-studenten-und-azubis-im-ausland\/\" rel=\"noopener\">Krankenversicherung f\u00fcr Studenten und Azubis im Ausland<\/a><br \/>\n<a class=\"yoast-link-suggestion__value\" href=\"http:\/\/www.finanzmanager24.com\/de\/pkv\/private-Krankenversicherung\/pkv-besserverdiener-mussen-kinder-selbst-versichern\/\" rel=\"noopener\">PKV Besserverdiener m\u00fcssen Kinder selbst versichern<\/a><\/p>\n","protected":false},"excerpt":{"rendered":"<p>Vergleich Private Krankenversicherung Jeder Mensch hat andere Bed\u00fcrfnisse und Vorstellungen. Als Spezialist f\u00fcr private Krankenversicherung und Krankenzusatzversicherung liegt es uns am Herzen, unsere Kunden zufrieden zu sehen.\u00a0Deshalb bieten wir Produkte von ca 40 Anbietern mit ca. 3500 Tarifen an. \u00a0So ist sicher f\u00fcr jedes\u00a0Bed\u00fcrfnis etwas Passendes dabei. Die beiden Versicherungssysteme GKV und PKV unterscheiden sich\u00a0in [&hellip;]<\/p>\n","protected":false},"author":1,"featured_media":0,"parent":0,"menu_order":1,"comment_status":"open","ping_status":"closed","template":"","meta":{"footnotes":""},"class_list":["post-274","page","type-page","status-publish","hentry"],"yoast_head":"<!-- This site is optimized with the Yoast SEO Premium plugin v20.7 (Yoast SEO v26.4) - https:\/\/yoast.com\/wordpress\/plugins\/seo\/ -->\n<title>Vergleich Private Krankenversicherung<\/title>\n<meta name=\"robots\" content=\"index, follow, max-snippet:-1, max-image-preview:large, max-video-preview:-1\" \/>\n<link rel=\"canonical\" href=\"https:\/\/www.finanzmanager24.com\/de\/vergleich-private-krankenversicherung\/\" \/>\n<meta property=\"og:locale\" content=\"de_DE\" \/>\n<meta property=\"og:type\" content=\"article\" \/>\n<meta property=\"og:title\" content=\"Vergleich Private Krankenversicherung\" \/>\n<meta property=\"og:description\" content=\"Vergleich Private Krankenversicherung Jeder Mensch hat andere Bed\u00fcrfnisse und Vorstellungen. Als Spezialist f\u00fcr private Krankenversicherung und Krankenzusatzversicherung liegt es uns am Herzen, unsere Kunden zufrieden zu sehen.\u00a0Deshalb bieten wir Produkte von ca 40 Anbietern mit ca. 3500 Tarifen an. \u00a0So ist sicher f\u00fcr jedes\u00a0Bed\u00fcrfnis etwas Passendes dabei. Die beiden Versicherungssysteme GKV und PKV unterscheiden sich\u00a0in [&hellip;]\" \/>\n<meta property=\"og:url\" content=\"https:\/\/www.finanzmanager24.com\/de\/vergleich-private-krankenversicherung\/\" \/>\n<meta property=\"og:site_name\" content=\"Vergleich private Krankenversicherung\" \/>\n<meta property=\"article:modified_time\" content=\"2025-05-07T17:28:39+00:00\" \/>\n<meta name=\"twitter:card\" content=\"summary_large_image\" \/>\n<meta name=\"twitter:label1\" content=\"Gesch\u00e4tzte Lesezeit\" \/>\n\t<meta name=\"twitter:data1\" content=\"3\u00a0Minuten\" \/>\n<script type=\"application\/ld+json\" class=\"yoast-schema-graph\">{\"@context\":\"https:\/\/schema.org\",\"@graph\":[{\"@type\":\"WebPage\",\"@id\":\"https:\/\/www.finanzmanager24.com\/de\/vergleich-private-krankenversicherung\/\",\"url\":\"https:\/\/www.finanzmanager24.com\/de\/vergleich-private-krankenversicherung\/\",\"name\":\"Vergleich Private Krankenversicherung\",\"isPartOf\":{\"@id\":\"https:\/\/www.finanzmanager24.com\/de\/#website\"},\"datePublished\":\"2012-10-10T13:56:11+00:00\",\"dateModified\":\"2025-05-07T17:28:39+00:00\",\"breadcrumb\":{\"@id\":\"https:\/\/www.finanzmanager24.com\/de\/vergleich-private-krankenversicherung\/#breadcrumb\"},\"inLanguage\":\"de\",\"potentialAction\":[{\"@type\":\"ReadAction\",\"target\":[\"https:\/\/www.finanzmanager24.com\/de\/vergleich-private-krankenversicherung\/\"]}]},{\"@type\":\"BreadcrumbList\",\"@id\":\"https:\/\/www.finanzmanager24.com\/de\/vergleich-private-krankenversicherung\/#breadcrumb\",\"itemListElement\":[{\"@type\":\"ListItem\",\"position\":1,\"name\":\"Home\",\"item\":\"https:\/\/www.finanzmanager24.com\/de\/\"},{\"@type\":\"ListItem\",\"position\":2,\"name\":\"Vergleich Private Krankenversicherung\"}]},{\"@type\":\"WebSite\",\"@id\":\"https:\/\/www.finanzmanager24.com\/de\/#website\",\"url\":\"https:\/\/www.finanzmanager24.com\/de\/\",\"name\":\"Vergleich private Krankenversicherung\",\"description\":\"\",\"publisher\":{\"@id\":\"https:\/\/www.finanzmanager24.com\/de\/#organization\"},\"potentialAction\":[{\"@type\":\"SearchAction\",\"target\":{\"@type\":\"EntryPoint\",\"urlTemplate\":\"https:\/\/www.finanzmanager24.com\/de\/?s={search_term_string}\"},\"query-input\":{\"@type\":\"PropertyValueSpecification\",\"valueRequired\":true,\"valueName\":\"search_term_string\"}}],\"inLanguage\":\"de\"},{\"@type\":\"Organization\",\"@id\":\"https:\/\/www.finanzmanager24.com\/de\/#organization\",\"name\":\"Finanzmanager24\",\"url\":\"https:\/\/www.finanzmanager24.com\/de\/\",\"logo\":{\"@type\":\"ImageObject\",\"inLanguage\":\"de\",\"@id\":\"https:\/\/www.finanzmanager24.com\/de\/#\/schema\/logo\/image\/\",\"url\":\"http:\/\/www.finanzmanager24.com\/de\/wp-content\/uploads\/2021\/07\/logo1.png\",\"contentUrl\":\"http:\/\/www.finanzmanager24.com\/de\/wp-content\/uploads\/2021\/07\/logo1.png\",\"width\":362,\"height\":53,\"caption\":\"Finanzmanager24\"},\"image\":{\"@id\":\"https:\/\/www.finanzmanager24.com\/de\/#\/schema\/logo\/image\/\"}}]}<\/script>\n<!-- \/ Yoast SEO Premium plugin. -->","yoast_head_json":{"title":"Vergleich Private Krankenversicherung","robots":{"index":"index","follow":"follow","max-snippet":"max-snippet:-1","max-image-preview":"max-image-preview:large","max-video-preview":"max-video-preview:-1"},"canonical":"https:\/\/www.finanzmanager24.com\/de\/vergleich-private-krankenversicherung\/","og_locale":"de_DE","og_type":"article","og_title":"Vergleich Private Krankenversicherung","og_description":"Vergleich Private Krankenversicherung Jeder Mensch hat andere Bed\u00fcrfnisse und Vorstellungen. Als Spezialist f\u00fcr private Krankenversicherung und Krankenzusatzversicherung liegt es uns am Herzen, unsere Kunden zufrieden zu sehen.\u00a0Deshalb bieten wir Produkte von ca 40 Anbietern mit ca. 3500 Tarifen an. \u00a0So ist sicher f\u00fcr jedes\u00a0Bed\u00fcrfnis etwas Passendes dabei. Die beiden Versicherungssysteme GKV und PKV unterscheiden sich\u00a0in [&hellip;]","og_url":"https:\/\/www.finanzmanager24.com\/de\/vergleich-private-krankenversicherung\/","og_site_name":"Vergleich private Krankenversicherung","article_modified_time":"2025-05-07T17:28:39+00:00","twitter_card":"summary_large_image","twitter_misc":{"Gesch\u00e4tzte Lesezeit":"3\u00a0Minuten"},"schema":{"@context":"https:\/\/schema.org","@graph":[{"@type":"WebPage","@id":"https:\/\/www.finanzmanager24.com\/de\/vergleich-private-krankenversicherung\/","url":"https:\/\/www.finanzmanager24.com\/de\/vergleich-private-krankenversicherung\/","name":"Vergleich Private Krankenversicherung","isPartOf":{"@id":"https:\/\/www.finanzmanager24.com\/de\/#website"},"datePublished":"2012-10-10T13:56:11+00:00","dateModified":"2025-05-07T17:28:39+00:00","breadcrumb":{"@id":"https:\/\/www.finanzmanager24.com\/de\/vergleich-private-krankenversicherung\/#breadcrumb"},"inLanguage":"de","potentialAction":[{"@type":"ReadAction","target":["https:\/\/www.finanzmanager24.com\/de\/vergleich-private-krankenversicherung\/"]}]},{"@type":"BreadcrumbList","@id":"https:\/\/www.finanzmanager24.com\/de\/vergleich-private-krankenversicherung\/#breadcrumb","itemListElement":[{"@type":"ListItem","position":1,"name":"Home","item":"https:\/\/www.finanzmanager24.com\/de\/"},{"@type":"ListItem","position":2,"name":"Vergleich Private Krankenversicherung"}]},{"@type":"WebSite","@id":"https:\/\/www.finanzmanager24.com\/de\/#website","url":"https:\/\/www.finanzmanager24.com\/de\/","name":"Vergleich private Krankenversicherung","description":"","publisher":{"@id":"https:\/\/www.finanzmanager24.com\/de\/#organization"},"potentialAction":[{"@type":"SearchAction","target":{"@type":"EntryPoint","urlTemplate":"https:\/\/www.finanzmanager24.com\/de\/?s={search_term_string}"},"query-input":{"@type":"PropertyValueSpecification","valueRequired":true,"valueName":"search_term_string"}}],"inLanguage":"de"},{"@type":"Organization","@id":"https:\/\/www.finanzmanager24.com\/de\/#organization","name":"Finanzmanager24","url":"https:\/\/www.finanzmanager24.com\/de\/","logo":{"@type":"ImageObject","inLanguage":"de","@id":"https:\/\/www.finanzmanager24.com\/de\/#\/schema\/logo\/image\/","url":"http:\/\/www.finanzmanager24.com\/de\/wp-content\/uploads\/2021\/07\/logo1.png","contentUrl":"http:\/\/www.finanzmanager24.com\/de\/wp-content\/uploads\/2021\/07\/logo1.png","width":362,"height":53,"caption":"Finanzmanager24"},"image":{"@id":"https:\/\/www.finanzmanager24.com\/de\/#\/schema\/logo\/image\/"}}]}},"_links":{"self":[{"href":"https:\/\/www.finanzmanager24.com\/de\/wp-json\/wp\/v2\/pages\/274","targetHints":{"allow":["GET"]}}],"collection":[{"href":"https:\/\/www.finanzmanager24.com\/de\/wp-json\/wp\/v2\/pages"}],"about":[{"href":"https:\/\/www.finanzmanager24.com\/de\/wp-json\/wp\/v2\/types\/page"}],"author":[{"embeddable":true,"href":"https:\/\/www.finanzmanager24.com\/de\/wp-json\/wp\/v2\/users\/1"}],"replies":[{"embeddable":true,"href":"https:\/\/www.finanzmanager24.com\/de\/wp-json\/wp\/v2\/comments?post=274"}],"version-history":[{"count":4,"href":"https:\/\/www.finanzmanager24.com\/de\/wp-json\/wp\/v2\/pages\/274\/revisions"}],"predecessor-version":[{"id":3149,"href":"https:\/\/www.finanzmanager24.com\/de\/wp-json\/wp\/v2\/pages\/274\/revisions\/3149"}],"wp:attachment":[{"href":"https:\/\/www.finanzmanager24.com\/de\/wp-json\/wp\/v2\/media?parent=274"}],"curies":[{"name":"wp","href":"https:\/\/api.w.org\/{rel}","templated":true}]}}