{"id":131,"date":"2011-10-26T09:05:38","date_gmt":"2011-10-26T09:05:38","guid":{"rendered":"http:\/\/www.finanzmanager24.com\/de\/?page_id=131"},"modified":"2025-05-07T19:28:30","modified_gmt":"2025-05-07T17:28:30","slug":"datenschutz","status":"publish","type":"page","link":"https:\/\/www.finanzmanager24.com\/de\/datenschutz\/","title":{"rendered":"Datenschutz"},"content":{"rendered":"<h2>Datenschutz &#8211; Finanzmanager24<\/h2>\n<p>Wir freuen uns \u00fcber Ihren Besuch auf unserer Website sowie das Interesse an unserer Agentur und unseren Leistungen. Daher nehmen wir den Schutz Ihrer Privatsph\u00e4re und Ihrer pers\u00f6nlichen Daten, die Sie uns zur Verf\u00fcgung stellen, sehr ernst. Die Beachtung der Bestimmungen des Bundesdatenschutz-Gesetzes ist f\u00fcr uns eine Selbstverst\u00e4ndlichkeit. Nachstehend informieren wir Sie dar\u00fcber, welche Daten wir gegebenenfalls sammeln und wie wir damit umgehen.<\/p>\n<p>&nbsp;<\/p>\n<h4>Welche personenbezogenen Daten werden erhoben und verarbeitet?<\/h4>\n<p>Sie k\u00f6nnen unsere Websites besuchen, ohne dass wir irgendwelche personenbezogenen Daten von Ihnen ben\u00f6tigen. Wir erfahren nur den Namen Ihres Internet Service Providers, die Website, von der Sie uns aus besuchen, und die einzelnen Seiten, die Sie bei uns besuchen. Nur wenn Sie bestimmte Service-Leistungen nutzen, werden pers\u00f6nliche Daten erhoben und verarbeitet.<\/p>\n<p>&nbsp;<\/p>\n<p>Mit der \u00dcbermittlung Ihrer Anfrage oder der Nutzung unserer online Vergleichsrechner \/ Tarifrechner erkl\u00e4ren Sie sich damit einverstanden, dass wir Ihre personenbezogene Daten \u2013 z.B. Name, Alter, Geschlecht, Anschrift usw. \u2013 zum Zwecke der Angebotserstellung und sonstigen Beratung zum Beispiel zu anderen Versicherungs- und Finanzdienstleistungen speichern, verarbeiten und an unsere Mitarbeiter und Vertriebspartner weitergeben, die Sie zur Beratung telefonisch versuchen zu kontaktieren.<\/p>\n<p>&nbsp;<\/p>\n<h4>Zu welchen Zwecken erheben und verarbeiten wir personenbezogene Daten?<\/h4>\n<p>Um bundesweit eine pers\u00f6nliche Beratung und Betreuung bieten zu k\u00f6nnen, arbeiten wir mit erfahrenen, qualifizierten und besonders ausgesuchten Vertriebspartnern (keine Einfirmenvertreter) im gesamten Bundesgebiet zusammen. Alle unsere Partner verf\u00fcgen \u00fcber ein umfassendes Know-how und mehrj\u00e4hrige Berufserfahrung. Die Berechnung einer Analyse oder eines Angebotes ist f\u00fcr Sie ebenso wie die Beratung in jedem Fall kostenlos und unverbindlich. Eine Weitergabe oder ein Verkauf an fremde Firmen erfolgt nicht.<\/p>\n<p>&nbsp;<\/p>\n<p>Sofern Sie Service-Leistungen in Anspruch nehmen, werden in der Regel nur solche Daten erhoben, die wir zur Erbringung der Leistungen ben\u00f6tigen. Soweit wir Sie um weitergehende Daten bitten, handelt es sich um freiwillige Informationen. Die Verarbeitung der pers\u00f6nlichen Daten erfolgt ausschlie\u00dflich zur Erf\u00fcllung des nachgefragten Service und zur Wahrung berechtigter eigener Gesch\u00e4ftsinteressen.<\/p>\n<p>&nbsp;<\/p>\n<h4>Werden personenbezogene Daten an Dritte weitergegeben?<\/h4>\n<p>Wir werden Ihre pers\u00f6nlichen Daten gegen\u00fcber anderen Unternehmen oder Institutionen weder offen legen, \u00fcberlassen, verkaufen noch anderweitig vermarkten, sofern nicht Ihre ausdr\u00fcckliche Einverst\u00e4ndniserkl\u00e4rung vorliegt. Etwas anderes gilt, wenn wir zu einer Offenlegung und \u00dcbermittlung der Daten gesetzlich oder durch gerichtliches Urteil verpflichtet sind.<\/p>\n<p>&nbsp;<\/p>\n<h4>Verwendung von Cookies<\/h4>\n<p>In einigen Bereichen unserer Website setzen wir Cookies ein. Hierbei handelt es sich um Kennungen, die es uns erlauben, Ihnen unsere Leistungen w\u00e4hrend Ihres Besuches individueller zur Verf\u00fcgung zu stellen. Wir verwenden Cookies nicht, um personenbezogene Daten zu sammeln. Sofern Sie \u00fcber den Einsatz von Cookies seitens Ihres Browsers informiert werden m\u00f6chten bzw. ausschlie\u00dfen wollen, sollten Sie die entsprechenden Browser-Einstellungen aktivieren.<\/p>\n<p>&nbsp;<\/p>\n<h4>Sicherheit<\/h4>\n<p>Wir haben technische und organisatorische Ma\u00dfnahmen ergriffen, um die von Ihnen zur Verf\u00fcgung gestellten personenbezogenen Daten vor Verlust, Zerst\u00f6rung, Manipulation und unberechtigtem Zugriff zu sch\u00fctzen. Alle unsere Mitarbeiter und an der Datenverarbeitung beteiligten Dritte sind auf das Bundesdatenschutzgesetz und den vertraulichen Umgang mit personenbezogenen Daten verpflichtet. Wir behalten uns das Recht vor, diese Erkl\u00e4rung jederzeit zu \u00e4ndern. Sie begr\u00fcndet kein vertragliches oder sonstiges formales Recht gegen\u00fcber oder im Auftrag einer Partei. Widerrufrecht Verbraucher k\u00f6nnen Ihren Auftrag zu Versicherungsvergleich und -Beratung widerrufen. Hierzu gen\u00fcgt die Auftragserkl\u00e4rung innerhalb von zwei Wochen ohne Angabe von Gr\u00fcnden in Textform (z.B. per Brief, Fax oder nachvollziehbarer E-Mail) oder durch R\u00fccksendung von Prospekten widerrufen.<\/p>\n<p>&nbsp;<\/p>\n<p>Die Zustimmung zur Datenverarbeitung kann f\u00fcr die Zukunft jederzeit widerrufen werden. Sie haben das Recht auf jederzeitigen Widerruf der Einwilligung zur Datenverarbeitung und Verwendung mit Wirkung f\u00fcr die Zukunft gem\u00e4\u00df \u00a7 3 Abs. 6 des TDDSG. Hierzu senden Sie uns bitte eine kurze Email an datenschutz@finanzmanager24.de; mit der Angabe Ihrer Anschrift, Geburtsdatum und Ihrer E-Mail-Adresse. Wir werden dann umgehend Ihre Daten komplett l\u00f6schen.<\/p>\n<p>&nbsp;<\/p>\n<p>Diese Datenschutzbestimmungen k\u00f6nnen Sie jederzeit auf www.finanzmanager24.de einsehen und ausdrucken. Auf Ihren Wunsch mailen oder faxen wir Ihnen diese auch gerne. Hierzu senden Sie uns bitte eine kurze Email an datenschutz@finanzmanager24.de.<\/p>\n<p>&nbsp;<\/p>\n<p>&nbsp;<\/p>\n<p>&nbsp;<\/p>\n","protected":false},"excerpt":{"rendered":"<p>Datenschutz &#8211; Finanzmanager24 Wir freuen uns \u00fcber Ihren Besuch auf unserer Website sowie das Interesse an unserer Agentur und unseren Leistungen. Daher nehmen wir den Schutz Ihrer Privatsph\u00e4re und Ihrer pers\u00f6nlichen Daten, die Sie uns zur Verf\u00fcgung stellen, sehr ernst. Die Beachtung der Bestimmungen des Bundesdatenschutz-Gesetzes ist f\u00fcr uns eine Selbstverst\u00e4ndlichkeit. Nachstehend informieren wir Sie [&hellip;]<\/p>\n","protected":false},"author":1,"featured_media":0,"parent":0,"menu_order":0,"comment_status":"open","ping_status":"closed","template":"","meta":{"footnotes":""},"class_list":["post-131","page","type-page","status-publish","hentry"],"yoast_head":"<!-- This site is optimized with the Yoast SEO Premium plugin v20.7 (Yoast SEO v26.4) - https:\/\/yoast.com\/wordpress\/plugins\/seo\/ -->\n<title>Datenschutz<\/title>\n<meta name=\"robots\" content=\"index, follow, max-snippet:-1, max-image-preview:large, max-video-preview:-1\" \/>\n<link rel=\"canonical\" href=\"https:\/\/www.finanzmanager24.com\/de\/datenschutz\/\" \/>\n<meta property=\"og:locale\" content=\"de_DE\" \/>\n<meta property=\"og:type\" content=\"article\" \/>\n<meta property=\"og:title\" content=\"Datenschutz\" \/>\n<meta property=\"og:description\" content=\"Datenschutz &#8211; Finanzmanager24 Wir freuen uns \u00fcber Ihren Besuch auf unserer Website sowie das Interesse an unserer Agentur und unseren Leistungen. Daher nehmen wir den Schutz Ihrer Privatsph\u00e4re und Ihrer pers\u00f6nlichen Daten, die Sie uns zur Verf\u00fcgung stellen, sehr ernst. Die Beachtung der Bestimmungen des Bundesdatenschutz-Gesetzes ist f\u00fcr uns eine Selbstverst\u00e4ndlichkeit. Nachstehend informieren wir Sie [&hellip;]\" \/>\n<meta property=\"og:url\" content=\"https:\/\/www.finanzmanager24.com\/de\/datenschutz\/\" \/>\n<meta property=\"og:site_name\" content=\"Vergleich private Krankenversicherung\" \/>\n<meta property=\"article:modified_time\" content=\"2025-05-07T17:28:30+00:00\" \/>\n<meta name=\"twitter:card\" content=\"summary_large_image\" \/>\n<meta name=\"twitter:label1\" content=\"Gesch\u00e4tzte Lesezeit\" \/>\n\t<meta name=\"twitter:data1\" content=\"3\u00a0Minuten\" \/>\n<script type=\"application\/ld+json\" class=\"yoast-schema-graph\">{\"@context\":\"https:\/\/schema.org\",\"@graph\":[{\"@type\":\"WebPage\",\"@id\":\"https:\/\/www.finanzmanager24.com\/de\/datenschutz\/\",\"url\":\"https:\/\/www.finanzmanager24.com\/de\/datenschutz\/\",\"name\":\"Datenschutz\",\"isPartOf\":{\"@id\":\"https:\/\/www.finanzmanager24.com\/de\/#website\"},\"datePublished\":\"2011-10-26T09:05:38+00:00\",\"dateModified\":\"2025-05-07T17:28:30+00:00\",\"breadcrumb\":{\"@id\":\"https:\/\/www.finanzmanager24.com\/de\/datenschutz\/#breadcrumb\"},\"inLanguage\":\"de\",\"potentialAction\":[{\"@type\":\"ReadAction\",\"target\":[\"https:\/\/www.finanzmanager24.com\/de\/datenschutz\/\"]}]},{\"@type\":\"BreadcrumbList\",\"@id\":\"https:\/\/www.finanzmanager24.com\/de\/datenschutz\/#breadcrumb\",\"itemListElement\":[{\"@type\":\"ListItem\",\"position\":1,\"name\":\"Home\",\"item\":\"https:\/\/www.finanzmanager24.com\/de\/\"},{\"@type\":\"ListItem\",\"position\":2,\"name\":\"Datenschutz\"}]},{\"@type\":\"WebSite\",\"@id\":\"https:\/\/www.finanzmanager24.com\/de\/#website\",\"url\":\"https:\/\/www.finanzmanager24.com\/de\/\",\"name\":\"Vergleich private Krankenversicherung\",\"description\":\"\",\"publisher\":{\"@id\":\"https:\/\/www.finanzmanager24.com\/de\/#organization\"},\"potentialAction\":[{\"@type\":\"SearchAction\",\"target\":{\"@type\":\"EntryPoint\",\"urlTemplate\":\"https:\/\/www.finanzmanager24.com\/de\/?s={search_term_string}\"},\"query-input\":{\"@type\":\"PropertyValueSpecification\",\"valueRequired\":true,\"valueName\":\"search_term_string\"}}],\"inLanguage\":\"de\"},{\"@type\":\"Organization\",\"@id\":\"https:\/\/www.finanzmanager24.com\/de\/#organization\",\"name\":\"Finanzmanager24\",\"url\":\"https:\/\/www.finanzmanager24.com\/de\/\",\"logo\":{\"@type\":\"ImageObject\",\"inLanguage\":\"de\",\"@id\":\"https:\/\/www.finanzmanager24.com\/de\/#\/schema\/logo\/image\/\",\"url\":\"http:\/\/www.finanzmanager24.com\/de\/wp-content\/uploads\/2021\/07\/logo1.png\",\"contentUrl\":\"http:\/\/www.finanzmanager24.com\/de\/wp-content\/uploads\/2021\/07\/logo1.png\",\"width\":362,\"height\":53,\"caption\":\"Finanzmanager24\"},\"image\":{\"@id\":\"https:\/\/www.finanzmanager24.com\/de\/#\/schema\/logo\/image\/\"}}]}<\/script>\n<!-- \/ Yoast SEO Premium plugin. -->","yoast_head_json":{"title":"Datenschutz","robots":{"index":"index","follow":"follow","max-snippet":"max-snippet:-1","max-image-preview":"max-image-preview:large","max-video-preview":"max-video-preview:-1"},"canonical":"https:\/\/www.finanzmanager24.com\/de\/datenschutz\/","og_locale":"de_DE","og_type":"article","og_title":"Datenschutz","og_description":"Datenschutz &#8211; Finanzmanager24 Wir freuen uns \u00fcber Ihren Besuch auf unserer Website sowie das Interesse an unserer Agentur und unseren Leistungen. Daher nehmen wir den Schutz Ihrer Privatsph\u00e4re und Ihrer pers\u00f6nlichen Daten, die Sie uns zur Verf\u00fcgung stellen, sehr ernst. Die Beachtung der Bestimmungen des Bundesdatenschutz-Gesetzes ist f\u00fcr uns eine Selbstverst\u00e4ndlichkeit. Nachstehend informieren wir Sie [&hellip;]","og_url":"https:\/\/www.finanzmanager24.com\/de\/datenschutz\/","og_site_name":"Vergleich private Krankenversicherung","article_modified_time":"2025-05-07T17:28:30+00:00","twitter_card":"summary_large_image","twitter_misc":{"Gesch\u00e4tzte Lesezeit":"3\u00a0Minuten"},"schema":{"@context":"https:\/\/schema.org","@graph":[{"@type":"WebPage","@id":"https:\/\/www.finanzmanager24.com\/de\/datenschutz\/","url":"https:\/\/www.finanzmanager24.com\/de\/datenschutz\/","name":"Datenschutz","isPartOf":{"@id":"https:\/\/www.finanzmanager24.com\/de\/#website"},"datePublished":"2011-10-26T09:05:38+00:00","dateModified":"2025-05-07T17:28:30+00:00","breadcrumb":{"@id":"https:\/\/www.finanzmanager24.com\/de\/datenschutz\/#breadcrumb"},"inLanguage":"de","potentialAction":[{"@type":"ReadAction","target":["https:\/\/www.finanzmanager24.com\/de\/datenschutz\/"]}]},{"@type":"BreadcrumbList","@id":"https:\/\/www.finanzmanager24.com\/de\/datenschutz\/#breadcrumb","itemListElement":[{"@type":"ListItem","position":1,"name":"Home","item":"https:\/\/www.finanzmanager24.com\/de\/"},{"@type":"ListItem","position":2,"name":"Datenschutz"}]},{"@type":"WebSite","@id":"https:\/\/www.finanzmanager24.com\/de\/#website","url":"https:\/\/www.finanzmanager24.com\/de\/","name":"Vergleich private Krankenversicherung","description":"","publisher":{"@id":"https:\/\/www.finanzmanager24.com\/de\/#organization"},"potentialAction":[{"@type":"SearchAction","target":{"@type":"EntryPoint","urlTemplate":"https:\/\/www.finanzmanager24.com\/de\/?s={search_term_string}"},"query-input":{"@type":"PropertyValueSpecification","valueRequired":true,"valueName":"search_term_string"}}],"inLanguage":"de"},{"@type":"Organization","@id":"https:\/\/www.finanzmanager24.com\/de\/#organization","name":"Finanzmanager24","url":"https:\/\/www.finanzmanager24.com\/de\/","logo":{"@type":"ImageObject","inLanguage":"de","@id":"https:\/\/www.finanzmanager24.com\/de\/#\/schema\/logo\/image\/","url":"http:\/\/www.finanzmanager24.com\/de\/wp-content\/uploads\/2021\/07\/logo1.png","contentUrl":"http:\/\/www.finanzmanager24.com\/de\/wp-content\/uploads\/2021\/07\/logo1.png","width":362,"height":53,"caption":"Finanzmanager24"},"image":{"@id":"https:\/\/www.finanzmanager24.com\/de\/#\/schema\/logo\/image\/"}}]}},"_links":{"self":[{"href":"https:\/\/www.finanzmanager24.com\/de\/wp-json\/wp\/v2\/pages\/131","targetHints":{"allow":["GET"]}}],"collection":[{"href":"https:\/\/www.finanzmanager24.com\/de\/wp-json\/wp\/v2\/pages"}],"about":[{"href":"https:\/\/www.finanzmanager24.com\/de\/wp-json\/wp\/v2\/types\/page"}],"author":[{"embeddable":true,"href":"https:\/\/www.finanzmanager24.com\/de\/wp-json\/wp\/v2\/users\/1"}],"replies":[{"embeddable":true,"href":"https:\/\/www.finanzmanager24.com\/de\/wp-json\/wp\/v2\/comments?post=131"}],"version-history":[{"count":2,"href":"https:\/\/www.finanzmanager24.com\/de\/wp-json\/wp\/v2\/pages\/131\/revisions"}],"predecessor-version":[{"id":3581,"href":"https:\/\/www.finanzmanager24.com\/de\/wp-json\/wp\/v2\/pages\/131\/revisions\/3581"}],"wp:attachment":[{"href":"https:\/\/www.finanzmanager24.com\/de\/wp-json\/wp\/v2\/media?parent=131"}],"curies":[{"name":"wp","href":"https:\/\/api.w.org\/{rel}","templated":true}]}}